{"id":791,"date":"2023-09-18T13:30:05","date_gmt":"2023-09-18T13:30:05","guid":{"rendered":"https:\/\/www.wiprechtsgarten.de\/?post_type=product&#038;p=791"},"modified":"2023-09-21T21:30:01","modified_gmt":"2023-09-21T21:30:01","slug":"ausfuehrlicher-wildblumen-graeser-und-kraeuterkalender-fuer-den-landkreis-leipzig","status":"publish","type":"product","link":"https:\/\/www.wiprechtsgarten.de\/index.php\/produkt\/ausfuehrlicher-wildblumen-graeser-und-kraeuterkalender-fuer-den-landkreis-leipzig\/","title":{"rendered":"Ausf\u00fchrlicher Wildblumen-, Gr\u00e4ser- und Kr\u00e4uterkalender f\u00fcr den Landkreis Leipzig"},"content":{"rendered":"<p>Dieser Kalender ist ein in Buchform gehaltener Kalender f\u00fcr die gelegentliche Lekt\u00fcre. Er ist nachhaltig \u00fcber Jahre nutzbar und enth\u00e4lt viele n\u00fctzliche Informationen. Beim <a href=\"https:\/\/www.wiprechtsgarten.de\/index.php\/produkt\/wildblumen-graes\u2026andkreis-leipzig\/\">Wandkalender<\/a> stehen pro Monat jeweils Personen im Vordergrund, die im Landkreis Leipzig ihre Spuren hinterlassen haben. Im <strong>ausf\u00fchrlichen Kalender<\/strong> erfahren Sie, wie die jeweiligen Personen mit den jeweiligen Samenmischungen harmonisieren, die wir gemeinsam mit der Firma Rieger und Hoffmann zusammengestellt haben: da steht Phillip Melanchthon im Januar f\u00fcr die Arzneipflanzen unter den Wildkr\u00e4utern, Joachim Ringelnatz im Februar f\u00fcr die Blumen auf der Biergartenwiese, Katharina von Bora im M\u00e4rz f\u00fcr Pflanzen, die auch M\u00e4dchennamen sein k\u00f6nnen, Joachim Heinrich Linck im April verweist auf kuriose Pflanzen, wie das Seifenkraut, Moritz von Sachsen ist den Blumen der Macht gewidmet und Hieronymus Lotter empfiehlt Blumen f\u00fcr den Pflanzk\u00fcbel oder den Balkon. Zum Buch geh\u00f6ren zw\u00f6lf Sament\u00fcten, die entweder komplett oder einzeln dazu gekauft werden k\u00f6nnen. Das Buch wurde per Hand mit einer Japanischen Fadenbindung ausgestattet.<\/p>\n","protected":false},"excerpt":{"rendered":"<p>Dieser Kalender ist ein in Buchform gehaltener Kalender f\u00fcr die gelegentliche Lekt\u00fcre. Er ist nachhaltig \u00fcber Jahre nutzbar und enth\u00e4lt viele n\u00fctzliche Informationen. Das Buch wurde per Hand mit einer Japanischen Fadenbindung ausgestattet.<\/p>\n","protected":false},"featured_media":792,"comment_status":"open","ping_status":"closed","template":"","meta":[],"product_cat":[30,28],"product_tag":[],"class_list":{"0":"post-791","1":"product","2":"type-product","3":"status-publish","4":"has-post-thumbnail","6":"product_cat-buchkalender","7":"product_cat-kalender","9":"first","10":"instock","11":"taxable","12":"shipping-taxable","13":"purchasable","14":"product-type-simple"},"jetpack_sharing_enabled":true,"_links":{"self":[{"href":"https:\/\/www.wiprechtsgarten.de\/index.php\/wp-json\/wp\/v2\/product\/791","targetHints":{"allow":["GET"]}}],"collection":[{"href":"https:\/\/www.wiprechtsgarten.de\/index.php\/wp-json\/wp\/v2\/product"}],"about":[{"href":"https:\/\/www.wiprechtsgarten.de\/index.php\/wp-json\/wp\/v2\/types\/product"}],"replies":[{"embeddable":true,"href":"https:\/\/www.wiprechtsgarten.de\/index.php\/wp-json\/wp\/v2\/comments?post=791"}],"wp:featuredmedia":[{"embeddable":true,"href":"https:\/\/www.wiprechtsgarten.de\/index.php\/wp-json\/wp\/v2\/media\/792"}],"wp:attachment":[{"href":"https:\/\/www.wiprechtsgarten.de\/index.php\/wp-json\/wp\/v2\/media?parent=791"}],"wp:term":[{"taxonomy":"product_cat","embeddable":true,"href":"https:\/\/www.wiprechtsgarten.de\/index.php\/wp-json\/wp\/v2\/product_cat?post=791"},{"taxonomy":"product_tag","embeddable":true,"href":"https:\/\/www.wiprechtsgarten.de\/index.php\/wp-json\/wp\/v2\/product_tag?post=791"}],"curies":[{"name":"wp","href":"https:\/\/api.w.org\/{rel}","templated":true}]}}