{"id":787,"date":"2023-09-18T11:23:26","date_gmt":"2023-09-18T11:23:26","guid":{"rendered":"https:\/\/www.wiprechtsgarten.de\/?post_type=product&#038;p=787"},"modified":"2023-09-21T21:30:42","modified_gmt":"2023-09-21T21:30:42","slug":"wildblumen-graeser-und-kraeuterkalender-fuer-den-landkreis-leipzig","status":"publish","type":"product","link":"https:\/\/www.wiprechtsgarten.de\/index.php\/produkt\/wildblumen-graeser-und-kraeuterkalender-fuer-den-landkreis-leipzig\/","title":{"rendered":"Wildblumen-, Gr\u00e4ser- und Kr\u00e4uterkalender f\u00fcr den Landkreis Leipzig"},"content":{"rendered":"<p>Dieser Kalender ist ein ewiger Kalender f\u00fcr die Wand, er gilt Jahr f\u00fcr Jahr von neuem und l\u00e4\u00dft Sie garantiert auch jedes Jahr neue Details im jeweiligen Kalendermonat entdecken. Jeder Monat ist einer Person gewidmet, die im Landkreis Leipzig ihre Spuren hinterlasssen haben. Phillip Melanchthon und seine Birnengeschichte am Hof des s\u00e4chsischen K\u00f6nigs im Januar, Joachim Ringelnatz und das Variet\u00e9 im Februar, Katharina von Bora und die Frauenrechte im M\u00e4rz, kuriose Geschichten rund um Joachim Heinrich Linck im April usw. Dazu kommen zw\u00f6lf Sament\u00fcten, die entweder komplett oder einzeln dazu gekauft werden k\u00f6nnen.<\/p>\n<p>Hier wird der\u00a0 Samenkalender einzeln ohne Sament\u00fcten verkauft.<\/p>\n","protected":false},"excerpt":{"rendered":"<p>Der neue Wandkalender des Naturfreunde- und Heimatvereins Groitzsch und der Initiative Wiprechts Garten.<\/p>\n","protected":false},"featured_media":784,"comment_status":"open","ping_status":"closed","template":"","meta":[],"product_cat":[28,29],"product_tag":[],"class_list":{"0":"post-787","1":"product","2":"type-product","3":"status-publish","4":"has-post-thumbnail","6":"product_cat-kalender","7":"product_cat-wandkalender","9":"first","10":"instock","11":"taxable","12":"shipping-taxable","13":"purchasable","14":"product-type-simple"},"jetpack_sharing_enabled":true,"_links":{"self":[{"href":"https:\/\/www.wiprechtsgarten.de\/index.php\/wp-json\/wp\/v2\/product\/787","targetHints":{"allow":["GET"]}}],"collection":[{"href":"https:\/\/www.wiprechtsgarten.de\/index.php\/wp-json\/wp\/v2\/product"}],"about":[{"href":"https:\/\/www.wiprechtsgarten.de\/index.php\/wp-json\/wp\/v2\/types\/product"}],"replies":[{"embeddable":true,"href":"https:\/\/www.wiprechtsgarten.de\/index.php\/wp-json\/wp\/v2\/comments?post=787"}],"wp:featuredmedia":[{"embeddable":true,"href":"https:\/\/www.wiprechtsgarten.de\/index.php\/wp-json\/wp\/v2\/media\/784"}],"wp:attachment":[{"href":"https:\/\/www.wiprechtsgarten.de\/index.php\/wp-json\/wp\/v2\/media?parent=787"}],"wp:term":[{"taxonomy":"product_cat","embeddable":true,"href":"https:\/\/www.wiprechtsgarten.de\/index.php\/wp-json\/wp\/v2\/product_cat?post=787"},{"taxonomy":"product_tag","embeddable":true,"href":"https:\/\/www.wiprechtsgarten.de\/index.php\/wp-json\/wp\/v2\/product_tag?post=787"}],"curies":[{"name":"wp","href":"https:\/\/api.w.org\/{rel}","templated":true}]}}