{"id":508,"date":"2023-06-02T13:57:52","date_gmt":"2023-06-02T13:57:52","guid":{"rendered":"https:\/\/www.wiprechtsgarten.de\/index.php\/produkt\/arzneipflanzenmischung-philip-melanchthon-mit-ausfuehrlicher-beschreibung\/"},"modified":"2023-09-20T10:51:28","modified_gmt":"2023-09-20T10:51:28","slug":"arzneipflanzenmischung-philip-melanchthon-mit-ausfuehrlicher-beschreibung","status":"publish","type":"product","link":"https:\/\/www.wiprechtsgarten.de\/index.php\/produkt\/arzneipflanzenmischung-philip-melanchthon-mit-ausfuehrlicher-beschreibung\/","title":{"rendered":"Arzneipflanzenmischung \u201ePhilip Melanchthon\u201c mit ausf\u00fchrlicher Beschreibung"},"content":{"rendered":"<p>Philip Melanchthon war ein bedeutender Reformator des 16. Jahrhunderts. Er hatte einen gro\u00dfen Einfluss auf die Entwicklung von Klosterschulen. Das begann 1526 mit dem von ihm gegr\u00fcndeten Klostergarten in Wittenberg, den er selbst entworfen hatte. Dieser Garten wurde 2017 wieder als Melanchthon-Garten hergerichtet. Melanchthon studierte botanische Fachb\u00fccher, hat die Heilkraft von Kr\u00e4utern gekannt und diese auch eingesetzt. Deshalb besitzt sein Garten einen Kr\u00e4uterbereich, in dem die Beete nach bestimmten Krankheitsbildern angelegt wurden. So wachsen in einem Beet Kr\u00e4uter, die gegen Herzbeschwerden helfen, und in einem anderen Pflanzen, die bei Verdauungsproblemen wohltuend wirken. Melanchthon hat aber auch eine direkte Verbindung nach Pegau. Das kam so: Die R\u00f6mische Schmalzbirne wird in Mitteldeutschland auch als \u201eMelanchthonbirne\u201c bezeichnet. Der Name soll darauf zur\u00fcckgehen, dass Melanchthon Birnen des Obst z\u00fcchtenden Pfarrers Andreas G\u00f6ch dem s\u00e4chsischen Kurf\u00fcrsten \u00fcberreicht habe, der Andreas G\u00f6ch daf\u00fcr belohnte. G\u00f6ch hat daraufhin den Birnbaum im Pfarrgarten zu Pegau als \u201eMelanchthonbirne\u201c kultiviert.<\/p>\n<h5>Kultur- und Heilpflanzen:<\/h5>\n<p>Dill, Borretsch, Ringelblume, Leindotter,<\/p>\n<p>Koriander, Echter Buchweizen,<\/p>\n<p>Fenchel, Schwarzk\u00fcmmel<\/p>\n<h5>Wildpflanzen:<\/h5>\n<p>Kornrade, Gew\u00f6hnliche Schafgarbe, Kleiner Odermenning, F\u00e4rber-Hundskamille, Nesselbl\u00e4ttrige Glockenblume, Wiesen-K\u00fcmmel,<\/p>\n<p>Kornblume, Wiesen-Flockenblume, Gew\u00f6hnliche Wegwarte, Gew\u00f6hnlicher Wirbeldost, Wiesen-Pippau, Wilde M\u00f6hre, Wilde Karde, Gew\u00f6hnlicher Natternkopf, Echtes Johanniskraut, F\u00e4rber-Waid, Echtes Herzgespann, Wiesen-Margerite, Gew\u00f6hnliches Leinkraut, Kuckucks-Lichtnelke, Gew\u00f6hnlicher Blutweiderich, Moschus-Malve, Wilde Malve, Wei\u00dfer Steinklee, Gelber Steinklee,<\/p>\n<p>Gemeine Nachtkerze, Gew\u00f6hnlicher Dost, Klatschmohn, Gew\u00f6hnlicher Pastinak, Spitzwegerich, Gew\u00f6hnliche Braunelle, Gelbe Resede, Wiesen-Salbei, Kleiner Wiesenknopf, Gew\u00f6hnliches Leimkraut, Gew\u00f6hnliche Goldrute, Schmalbl\u00fctige Wucherblume, Rainfarn, Gro\u00dfbl\u00fctige K\u00f6nigskerze, Schwarze K\u00f6nigskerze<\/p>\n<p>Die Sament\u00fcten Mischung wurden gemeinsam mit der <a href=\"https:\/\/www.rieger-hofmann.de\/\">Firma Rieger und Hofmann<\/a> zusammengestellt.<\/p>\n","protected":false},"excerpt":{"rendered":"<p>Die Blumen- und Wildpflanzenmischung \u201ePhilip Melanchthon\u201c ist den Arzneipflanzen gewidmet und gleichzeitig eine Honigpflanzenmischung. Die Mischung ist f\u00fcr eine Standzeit von ca. 5 Jahren konzipiert und erreicht eine H\u00f6he von 60-140 cm. Im ersten Jahr sind die Kulturarten mit ihrer Bl\u00fcte im Sommer pr\u00e4gend, ab dem zweiten Jahr \u00fcbernehmen die Wildblumen den Bl\u00fchaspekt.<\/p>\n","protected":false},"featured_media":524,"comment_status":"open","ping_status":"closed","template":"","meta":[],"product_cat":[24,22,23],"product_tag":[],"class_list":{"0":"post-508","1":"product","2":"type-product","3":"status-publish","4":"has-post-thumbnail","6":"product_cat-haus-garten","7":"product_cat-saatgut","8":"product_cat-samenmischung-mit-ausfuehrlichem-samenblatt-10-seiten","10":"first","11":"instock","12":"taxable","13":"shipping-taxable","14":"purchasable","15":"product-type-simple"},"jetpack_sharing_enabled":true,"_links":{"self":[{"href":"https:\/\/www.wiprechtsgarten.de\/index.php\/wp-json\/wp\/v2\/product\/508","targetHints":{"allow":["GET"]}}],"collection":[{"href":"https:\/\/www.wiprechtsgarten.de\/index.php\/wp-json\/wp\/v2\/product"}],"about":[{"href":"https:\/\/www.wiprechtsgarten.de\/index.php\/wp-json\/wp\/v2\/types\/product"}],"replies":[{"embeddable":true,"href":"https:\/\/www.wiprechtsgarten.de\/index.php\/wp-json\/wp\/v2\/comments?post=508"}],"wp:featuredmedia":[{"embeddable":true,"href":"https:\/\/www.wiprechtsgarten.de\/index.php\/wp-json\/wp\/v2\/media\/524"}],"wp:attachment":[{"href":"https:\/\/www.wiprechtsgarten.de\/index.php\/wp-json\/wp\/v2\/media?parent=508"}],"wp:term":[{"taxonomy":"product_cat","embeddable":true,"href":"https:\/\/www.wiprechtsgarten.de\/index.php\/wp-json\/wp\/v2\/product_cat?post=508"},{"taxonomy":"product_tag","embeddable":true,"href":"https:\/\/www.wiprechtsgarten.de\/index.php\/wp-json\/wp\/v2\/product_tag?post=508"}],"curies":[{"name":"wp","href":"https:\/\/api.w.org\/{rel}","templated":true}]}}