{"id":895,"date":"2023-10-05T17:41:18","date_gmt":"2023-10-05T17:41:18","guid":{"rendered":"https:\/\/www.wiprechtsgarten.de\/?page_id=895"},"modified":"2023-10-06T08:50:57","modified_gmt":"2023-10-06T08:50:57","slug":"die-stockrose","status":"publish","type":"page","link":"https:\/\/www.wiprechtsgarten.de\/index.php\/pflanzenlisten\/zierpflanzen\/die-stockrose\/","title":{"rendered":"Die Stockrose \/ Malve"},"content":{"rendered":"\n<p>Die Stockrose geh\u00f6rt zur Gattung Alcea und ist ein Mitglied der Familie der Malvengew\u00e4chse (Malvaceae). Urspr\u00fcnglich stammen sie aus dem \u00f6stlichen Mittelmeerraum, haben jedoch im Laufe der Zeit ihren Weg nach Europa und Asien gefunden. Dort wurden sie nicht nur als Nutzpflanzen f\u00fcr medizinische Zwecke verwendet, sondern auch zur F\u00e4rbung von Lebensmitteln eingesetzt.<\/p>\n\n\n\n<figure class=\"wp-block-image alignleft size-full is-resized\"><img loading=\"lazy\" decoding=\"async\" src=\"https:\/\/www.wiprechtsgarten.de\/wp-content\/uploads\/2023\/10\/Alcea_rosea_-_Koehler\u2013s_Medizinal-Pflanzen-009.jpeg\" alt=\"\" class=\"wp-image-896\" style=\"width:261px;height:360px\" width=\"261\" height=\"360\" srcset=\"https:\/\/www.wiprechtsgarten.de\/wp-content\/uploads\/2023\/10\/Alcea_rosea_-_Koehler\u2013s_Medizinal-Pflanzen-009.jpeg 431w, https:\/\/www.wiprechtsgarten.de\/wp-content\/uploads\/2023\/10\/Alcea_rosea_-_Koehler\u2013s_Medizinal-Pflanzen-009-416x573.jpeg 416w, https:\/\/www.wiprechtsgarten.de\/wp-content\/uploads\/2023\/10\/Alcea_rosea_-_Koehler\u2013s_Medizinal-Pflanzen-009-218x300.jpeg 218w\" sizes=\"auto, (max-width: 261px) 100vw, 261px\" \/><\/figure>\n\n\n\n<p>Die Gew\u00f6hnliche Stockrose (Alcea rosea), auch als Stockmalve oder Bauernrose bekannt, ist der bekannteste Vertreter dieser Gattung und wird h\u00e4ufig als Zierpflanze in G\u00e4rten kultiviert.<\/p>\n\n\n\n<p>Eine der bemerkenswertesten Eigenschaften der Stockrose ist ihr hoher Wuchs, der bis zu zwei Meter erreichen kann. Die Bl\u00e4tter der Stockrose sind hellgr\u00fcn und mehrlappig. Die kr\u00e4ftigen, handtellergro\u00dfen Bl\u00fcten der Stockrose bl\u00fchen von Juli bis September und sind in einer breiten Farbpalette erh\u00e4ltlich.<\/p>\n\n\n\n<p>Im Mittelalter wurde die Stockrose oft f\u00fcr medizinische Zwecke verwendet. Verschiedene Teile der Pflanze, wie die Bl\u00e4tter und Bl\u00fcten, wurden zur Herstellung von Heilmitteln genutzt. Die Wurzel besitzt Mittel mit entz\u00fcndungshemmender Wirkung und wurde bei verschiedenen Beschwerden, einschlie\u00dflich Husten,  eingesetzt. <\/p>\n\n\n\n<p>Die Stockrose hatte auch Bedeutung als Farbstoffquelle. Die Bl\u00fctenbl\u00e4tter konnten verwendet werden, um Stoffe und Lebensmittel in verschiedenen Farben zu f\u00e4rben. Dies war besonders in einer Zeit wichtig, als nat\u00fcrliche Farbstoffe begehrt waren.<\/p>\n\n\n\n<p>Damit die Stockrose optimal gedeiht, sollte sie einen n\u00e4hrstoffreichen, durchl\u00e4ssigen und leicht feuchten Boden in voller Sonne haben. Die Stockrose kann entweder im Herbst oder ab Juni direkt im Beet ausges\u00e4t werden.<\/p>\n\n\n\n<p>Die Stockrose ist nicht nur eine beliebte Zierpflanze im Bauerngarten, sondern auch eine attraktive Erg\u00e4nzung in verschiedenen Gartenlandschaften. In romantischen Landhaus-G\u00e4rten harmonieren Stockrosen wunderbar mit Rittersporn, Sonnenblumen, Phlox und Rosen, da sie eine ausdauernde Bl\u00fcte bieten.<\/p>\n\n\n\n<p>Die Stockrose ist zweifellos eine bemerkenswerte Blume mit einer reichen Geschichte, auff\u00e4lligen Merkmalen und vielseitiger Verwendung. G\u00f6nnen Sie sich das Gl\u00fcck, das diese Blume bringt, indem Sie sie in Ihre Gartengestaltung integrieren.<\/p>\n","protected":false},"excerpt":{"rendered":"<p>Die Stockrose geh\u00f6rt zur Gattung Alcea und ist ein Mitglied der Familie der Malvengew\u00e4chse (Malvaceae). Urspr\u00fcnglich stammen sie aus dem \u00f6stlichen Mittelmeerraum, haben jedoch im Laufe der Zeit ihren Weg nach Europa und Asien gefunden. Dort wurden sie nicht nur als Nutzpflanzen f\u00fcr medizinische Zwecke verwendet, sondern auch zur F\u00e4rbung von Lebensmitteln eingesetzt. Die Gew\u00f6hnliche [&hellip;]<\/p>\n","protected":false},"author":1,"featured_media":0,"parent":14,"menu_order":0,"comment_status":"closed","ping_status":"closed","template":"","meta":{"footnotes":""},"class_list":["post-895","page","type-page","status-publish","hentry"],"jetpack_sharing_enabled":true,"_links":{"self":[{"href":"https:\/\/www.wiprechtsgarten.de\/index.php\/wp-json\/wp\/v2\/pages\/895","targetHints":{"allow":["GET"]}}],"collection":[{"href":"https:\/\/www.wiprechtsgarten.de\/index.php\/wp-json\/wp\/v2\/pages"}],"about":[{"href":"https:\/\/www.wiprechtsgarten.de\/index.php\/wp-json\/wp\/v2\/types\/page"}],"author":[{"embeddable":true,"href":"https:\/\/www.wiprechtsgarten.de\/index.php\/wp-json\/wp\/v2\/users\/1"}],"replies":[{"embeddable":true,"href":"https:\/\/www.wiprechtsgarten.de\/index.php\/wp-json\/wp\/v2\/comments?post=895"}],"version-history":[{"count":2,"href":"https:\/\/www.wiprechtsgarten.de\/index.php\/wp-json\/wp\/v2\/pages\/895\/revisions"}],"predecessor-version":[{"id":900,"href":"https:\/\/www.wiprechtsgarten.de\/index.php\/wp-json\/wp\/v2\/pages\/895\/revisions\/900"}],"up":[{"embeddable":true,"href":"https:\/\/www.wiprechtsgarten.de\/index.php\/wp-json\/wp\/v2\/pages\/14"}],"wp:attachment":[{"href":"https:\/\/www.wiprechtsgarten.de\/index.php\/wp-json\/wp\/v2\/media?parent=895"}],"curies":[{"name":"wp","href":"https:\/\/api.w.org\/{rel}","templated":true}]}}