{"id":862,"date":"2023-09-22T09:48:38","date_gmt":"2023-09-22T09:48:38","guid":{"rendered":"https:\/\/www.wiprechtsgarten.de\/?page_id=862"},"modified":"2023-09-22T09:53:35","modified_gmt":"2023-09-22T09:53:35","slug":"pfingstrosen","status":"publish","type":"page","link":"https:\/\/www.wiprechtsgarten.de\/index.php\/pflanzenlisten\/zierpflanzen\/pfingstrosen\/","title":{"rendered":"Pfingstrosen"},"content":{"rendered":"\n<p>Die Pfingstrosen (Gattung Paeonia) sind eine vielf\u00e4ltige Gruppe von Pflanzen, die Stauden, Halbstr\u00e4ucher und Str\u00e4ucher umfassen. Urspr\u00fcnglich zur Familie der Hahnenfu\u00dfgew\u00e4chse geh\u00f6rend, bilden sie heute eine eigene Pflanzenfamilie, die Pfingstrosengew\u00e4chse. Weltweit gibt es 32 Arten von Pfingstrosen, haupts\u00e4chlich aus Europa und Asien, w\u00e4hrend zwei Arten an der Westk\u00fcste Nordamerikas beheimatet sind.<\/p>\n\n\n\n<figure class=\"wp-block-image alignleft size-full is-resized\"><img loading=\"lazy\" decoding=\"async\" src=\"https:\/\/www.wiprechtsgarten.de\/wp-content\/uploads\/2023\/09\/481px-Illustration_Paeonia_mascula0.jpeg\" alt=\"\" class=\"wp-image-866\" style=\"width:341px;height:510px\" width=\"341\" height=\"510\" srcset=\"https:\/\/www.wiprechtsgarten.de\/wp-content\/uploads\/2023\/09\/481px-Illustration_Paeonia_mascula0.jpeg 481w, https:\/\/www.wiprechtsgarten.de\/wp-content\/uploads\/2023\/09\/481px-Illustration_Paeonia_mascula0-416x623.jpeg 416w, https:\/\/www.wiprechtsgarten.de\/wp-content\/uploads\/2023\/09\/481px-Illustration_Paeonia_mascula0-200x300.jpeg 200w\" sizes=\"auto, (max-width: 341px) 100vw, 341px\" \/><\/figure>\n\n\n\n<p>Die Geschichte der Pfingstrosennutzung reicht bis ins Mittelalter zur\u00fcck. In Europa war die Gemeine Pfingstrose, auch bekannt als Bauern-Pfingstrose, von gro\u00dfer Bedeutung und wurde in Bauern- und Klosterg\u00e4rten kultiviert. In China spielten Baum-P\u00e4onien und Edel-Pfingstrosen seit \u00fcber 2.000 Jahren eine wichtige Rolle in der Gartenkultur. Die chinesische Pfingstrosen-Art, die Milchwei\u00dfe oder Chinesische Pfingstrose, stammt aus Bergw\u00e4ldern und Steppen der gem\u00e4\u00dfigten und subtropischen Klimazonen.<\/p>\n\n\n\n<p>Der Name &#8222;Pfingstrose&#8220; stammt vom griechischen G\u00f6tterarzt Paian, der der Legende nach mit Hilfe der Pfingstrose die Wunden des Gottes Pluton heilte. Die Pfingstrose hat weltweit positive Symbolik, darunter Reichtum, weibliche Sch\u00f6nheit und Liebe in China und Japan, sowie Reichtum und Sch\u00f6nheit in der christlichen Bildsprache.<\/p>\n\n\n\n<p>Pfingstrosen wurden auch in der Medizin verwendet, insbesondere die Gemeine Pfingstrose, die zur Behandlung von Gicht eingesetzt wurde. Aufgrund fehlender medizinischer Wirksamkeitsnachweise haben Pfingstrosen in der modernen Medizin jedoch keine Bedeutung mehr.<\/p>\n\n\n\n<p>In Bezug auf ihre Erscheinung und ihren Wuchs wachsen Staudenpfingstrosen horstig-aufrecht und werden je nach Art und Sorte maximal kniehoch. Strauchpfingstrosen bilden dicktriebige Str\u00e4ucher, einige Sorten k\u00f6nnen \u00fcber zwei Meter hoch werden.<\/p>\n\n\n\n<p>Pfingstrosen bevorzugen mineralische, eher humusarme B\u00f6den und einen sonnigen bis halbschattigen Standort. Die beste Pflanzzeit ist der Herbst, wobei Staudenpfingstrosen flach und Strauchpfingstrosen tief gepflanzt werden sollten. Pfingstrosen ben\u00f6tigen keinen regelm\u00e4\u00dfigen Schnitt, sind winterhart und k\u00f6nnen jahrzehntelang an einem Ort wachsen.<\/p>\n\n\n\n<p>Die Gemeine Pfingstrose ist eine der \u00e4ltesten Gartenpflanzen Europas und findet sich in Bauern- und Klosterg\u00e4rten. In China sind Baum-P\u00e4onien und Edel-Pfingstrosen wichtige Elemente der Gartenkultur. Insgesamt gibt es \u00fcber 3.000 Sorten von Pfingstrosen, und sie sind auch beliebte Schnittblumen.<\/p>\n\n\n\n<p>Pfingstrosen sind ausdauernde krautige Pflanzen oder verholzende Halbstr\u00e4ucher, die in den gem\u00e4\u00dfigten und subtropischen Klimazonen Eurasiens verbreitet sind, haupts\u00e4chlich in Bergw\u00e4ldern und Steppenregionen. Einige Arten ben\u00f6tigen eine kalte Ruhezeit im Winter, k\u00f6nnen aber durch Sp\u00e4tfr\u00f6ste gesch\u00e4digt werden.<\/p>\n\n\n\n<p>Die Pfingstrosen haben eine lange Geschichte in der Gartenkultur und Medizin und sind heute immer noch beliebte Zierpflanzen in G\u00e4rten auf der ganzen Welt.<\/p>\n\n\n\n<p>Im Mittelalter spielte die Pfingstrose, insbesondere die Gemeine Pfingstrose oder Bauern-Pfingstrose (Paeonia officinalis), eine vielf\u00e4ltige Rolle:<\/p>\n\n\n\n<ol class=\"wp-block-list\">\n<li><strong>Medizinische Bedeutung<\/strong>: Die Gemeine Pfingstrose hatte im Mittelalter eine wichtige Rolle in der Medizin. Sie wurde als Heilpflanze verwendet und galt als wirksam gegen verschiedene Beschwerden. Besonders bei der Behandlung von Gicht, Frauenkrankheiten und anderen Leiden wurde sie eingesetzt. Hildegard von Bingen schrieb in ihrer Physica \u00fcber die Pfingstrose: &#8222;<em>Die Paeonie (beonia, Dactylosa) ist feuerfarben und hat gute Wirkung. Sie hilft sowohl gegen die dreit\u00e4gigen wie die viert\u00e4gigen Fieber\u2026 Unt wenn ein Mensch den Verstand verliert, so als ob er nichts w\u00fc\u00dfte und gleichsam in Ekstase l\u00e4ge, tauche P\u00e4oniensamen in Honig und lege sie auf seine Zunge, so steigen die Kr\u00e4fte der P\u00e4onie in sein Gehirn empor und erregen ihn, so dass er rasch seinen Verstand wiedererlangt \u2026 Aber nimm auch P\u00e4oniensamen und tauche sie in das Blut eines Blutegels und h\u00fclle dann die \u00fcbelriechenden Samen in einen Teig aus Weizenmehl, und wenn jemand durch die Fallsucht zu Fall kommt, lege sie in seinen Mund, w\u00e4hrend er so daliegt, und tue dies, so oft er durch diese Krankheit zu Fall kommt, und endlich er geheilt werden.<\/em>&#8220; Bis ins 19. Jahrhundert hinein wurde die Pfingstrose als Mittel gegen Epilepsie eingesetzt. Die Volksmedizin verwendete auch den Rauch aus den Samen zur Behandlung von \u201eBesessenen\u201c. Die Volksmedizin kannte noch eine andere Verwendung der Pfingstrose: Ihre Samen wurden auf Ketten aufgereiht und zahnenden Kleinkindern zum Kauen gegeben. In Bayern nannte man die Samen deshalb auch Apolloniak\u00f6rner \u2013 zu Ehren der Heiligen Apollonia, der Patronin der Zahnleidenden. In der Hom\u00f6opathie wird Paeonia bei H\u00e4morrhoiden und Analfissuren verwendet, deren Schmerzen nach dem Stuhlgang besonders lange anhalten.<\/li>\n\n\n\n<li><strong>Klosterg\u00e4rten<\/strong>: Die Pfingstrose fand ihren Weg in die G\u00e4rten der Kl\u00f6ster im Mittelalter. Benediktinerm\u00f6nche brachten die Gemeine Pfingstrose von jenseits der Alpen nach Mitteleuropa und kultivierten sie in den Klosterg\u00e4rten. Dies trug zur Verbreitung der Pflanze bei.<\/li>\n\n\n\n<li><strong>Zierpflanze<\/strong>: Neben ihrer medizinischen Verwendung wurde die Pfingstrose im Mittelalter auch aufgrund ihrer Sch\u00f6nheit gesch\u00e4tzt und als Zierpflanze in G\u00e4rten angebaut. Ihre gro\u00dfen, auff\u00e4lligen Bl\u00fcten beeindruckten die Menschen und trugen zur Versch\u00f6nerung von Bauern- und Klosterg\u00e4rten bei.<\/li>\n\n\n\n<li><strong>Symbolische Bedeutung<\/strong>: Die Pfingstrose hatte auch symbolische Bedeutung im Mittelalter. In der christlichen Bildsprache wurde sie oft mit Reichtum, Sch\u00f6nheit und dem Heilsversprechen assoziiert. Ihre Bl\u00fctezeit um Pfingsten, dem christlichen Fest der Ausgie\u00dfung des Heiligen Geistes, k\u00f6nnte zur Verkn\u00fcpfung beigetragen haben.<\/li>\n<\/ol>\n\n\n\n<p>Insgesamt war die Pfingstrose im Mittelalter eine vielseitige Pflanze, die sowohl in der Medizin als auch in der Gartenkultur und Symbolik eine wichtige Rolle spielte.<\/p>\n","protected":false},"excerpt":{"rendered":"<p>Die Pfingstrosen (Gattung Paeonia) sind eine vielf\u00e4ltige Gruppe von Pflanzen, die Stauden, Halbstr\u00e4ucher und Str\u00e4ucher umfassen. Urspr\u00fcnglich zur Familie der Hahnenfu\u00dfgew\u00e4chse geh\u00f6rend, bilden sie heute eine eigene Pflanzenfamilie, die Pfingstrosengew\u00e4chse. Weltweit gibt es 32 Arten von Pfingstrosen, haupts\u00e4chlich aus Europa und Asien, w\u00e4hrend zwei Arten an der Westk\u00fcste Nordamerikas beheimatet sind. Die Geschichte der Pfingstrosennutzung [&hellip;]<\/p>\n","protected":false},"author":1,"featured_media":0,"parent":14,"menu_order":0,"comment_status":"closed","ping_status":"closed","template":"","meta":{"footnotes":""},"class_list":["post-862","page","type-page","status-publish","hentry"],"jetpack_sharing_enabled":true,"_links":{"self":[{"href":"https:\/\/www.wiprechtsgarten.de\/index.php\/wp-json\/wp\/v2\/pages\/862","targetHints":{"allow":["GET"]}}],"collection":[{"href":"https:\/\/www.wiprechtsgarten.de\/index.php\/wp-json\/wp\/v2\/pages"}],"about":[{"href":"https:\/\/www.wiprechtsgarten.de\/index.php\/wp-json\/wp\/v2\/types\/page"}],"author":[{"embeddable":true,"href":"https:\/\/www.wiprechtsgarten.de\/index.php\/wp-json\/wp\/v2\/users\/1"}],"replies":[{"embeddable":true,"href":"https:\/\/www.wiprechtsgarten.de\/index.php\/wp-json\/wp\/v2\/comments?post=862"}],"version-history":[{"count":4,"href":"https:\/\/www.wiprechtsgarten.de\/index.php\/wp-json\/wp\/v2\/pages\/862\/revisions"}],"predecessor-version":[{"id":873,"href":"https:\/\/www.wiprechtsgarten.de\/index.php\/wp-json\/wp\/v2\/pages\/862\/revisions\/873"}],"up":[{"embeddable":true,"href":"https:\/\/www.wiprechtsgarten.de\/index.php\/wp-json\/wp\/v2\/pages\/14"}],"wp:attachment":[{"href":"https:\/\/www.wiprechtsgarten.de\/index.php\/wp-json\/wp\/v2\/media?parent=862"}],"curies":[{"name":"wp","href":"https:\/\/api.w.org\/{rel}","templated":true}]}}