{"id":856,"date":"2023-09-22T07:54:26","date_gmt":"2023-09-22T07:54:26","guid":{"rendered":"https:\/\/www.wiprechtsgarten.de\/?page_id=856"},"modified":"2023-09-22T07:56:59","modified_gmt":"2023-09-22T07:56:59","slug":"osterglocken","status":"publish","type":"page","link":"https:\/\/www.wiprechtsgarten.de\/index.php\/pflanzenlisten\/zierpflanzen\/osterglocken\/","title":{"rendered":"Osterglocken"},"content":{"rendered":"\n<p>Die Narzisse, auch als Osterglocke bekannt, ist ein beliebter Fr\u00fchbl\u00fcher mit leuchtend gelben oder strahlend wei\u00dfen Bl\u00fcten. Sie k\u00fcndigt den nahenden Fr\u00fchling an und wird oft zu Ostern in G\u00e4rten und Parks bewundert. Urspr\u00fcnglich stammt diese Pflanze von der Iberischen Halbinsel und geh\u00f6rt zur Familie der Amaryllisgew\u00e4chse. Im Handel sind etwa 50 verschiedene Sorten erh\u00e4ltlich, die sich in H\u00f6he, Bl\u00fctenform und -gr\u00f6\u00dfe unterscheiden, wobei alle Teile der Pflanze giftig sind.<\/p>\n\n\n\n<figure class=\"wp-block-image alignleft size-full\"><img loading=\"lazy\" decoding=\"async\" width=\"296\" height=\"480\" src=\"https:\/\/www.wiprechtsgarten.de\/wp-content\/uploads\/2023\/09\/296px-Favourite_flowers_of_garden_and_greenhouse_8346029014.jpeg\" alt=\"\" class=\"wp-image-857\" srcset=\"https:\/\/www.wiprechtsgarten.de\/wp-content\/uploads\/2023\/09\/296px-Favourite_flowers_of_garden_and_greenhouse_8346029014.jpeg 296w, https:\/\/www.wiprechtsgarten.de\/wp-content\/uploads\/2023\/09\/296px-Favourite_flowers_of_garden_and_greenhouse_8346029014-185x300.jpeg 185w\" sizes=\"auto, (max-width: 296px) 100vw, 296px\" \/><\/figure>\n\n\n\n<p>F\u00fcr eine erfolgreiche Kultivierung von Narzissen sind einige Tipps zur Standortwahl und Pflege wichtig. Narzissen bevorzugen feuchte und n\u00e4hrstoffreiche B\u00f6den sowie sonnige Standorte. Im eigenen Garten kann die Bl\u00fctezeit verl\u00e4ngert werden, indem man fr\u00fch und sp\u00e4t bl\u00fchende Sorten pflanzt. Die Bl\u00e4tter sollten erst entfernt werden, wenn sie vertrocknet sind, da sie der Pflanze Kraft f\u00fcr das n\u00e4chste Jahr geben.<\/p>\n\n\n\n<p>F\u00fcr Balkon- und Terrassenpflanzungen empfiehlt sich der Kauf von vorgetriebenen Narzissen, da einige Sorten frostempfindlich sind. Im Beet werden die Zwiebeln im September oder Oktober gepflanzt.<\/p>\n\n\n\n<p>Narzissen vermehren sich im Laufe der Zeit und bilden Horste. Nach einigen Jahren, wenn die Bl\u00fcten weniger intensiv werden, sollten die Zwiebeln geteilt werden. Dies geschieht am besten nach dem Welken der oberirdischen Pflanzenteile.<\/p>\n\n\n\n<p>In der Vase sollten Narzissen zun\u00e4chst f\u00fcr einen Tag in eine separate Vase gestellt werden, da sie einen Schleim absondern, der andere Blumen schneller welken l\u00e4sst.<\/p>\n\n\n\n<p>Urspr\u00fcnglich stammen Narzissen aus S\u00fcdwesteuropa und Nordwestafrika, mit Schwerpunkt auf der Iberischen Halbinsel. Sie wachsen in lichten W\u00e4ldern, Wiesen und steinigen Bergh\u00e4ngen. In Deutschland findet man sie unter anderem im Nationalpark Eifel.<\/p>\n\n\n\n<p>Narzissen geh\u00f6ren zur Gattung Narcissus und zur Familie der Amaryllisgew\u00e4chse. Es gibt etwa 30 bis 40 Arten, aber durch Z\u00fcchtung sind Tausende von Kulturformen entstanden. Sie bl\u00fchen von Februar bis Mai und sind in verschiedenen Farben erh\u00e4ltlich, von Wei\u00df \u00fcber Gelb bis Orange.<\/p>\n\n\n\n<p>Narzissen sind vielseitig in G\u00e4rten einsetzbar, sowohl im Beet als auch in T\u00f6pfen oder K\u00e4sten. Sie k\u00f6nnen mit anderen Fr\u00fchbl\u00fchern wie Krokussen, Schneegl\u00f6ckchen, Traubenhyazinthen und Tulpen kombiniert werden. Narzissen k\u00f6nnen auch in Rasenfl\u00e4chen und Wiesen gepflanzt werden, wo sie im Laufe der Jahre gr\u00f6\u00dfere Best\u00e4nde bilden.<\/p>\n\n\n\n<p>Die Zwiebeln werden vorzugsweise im September gesetzt, wobei die Pflanztiefe je nach Zwiebelgr\u00f6\u00dfe variiert. Narzissen sind pflegeleicht und ben\u00f6tigen lediglich ausreichend Feuchtigkeit im Boden. Verbl\u00fchte Bl\u00fctensch\u00e4fte sollten entfernt werden, um die Pflanze zu st\u00e4rken. Das Laub bleibt stehen, bis es vergilbt, um N\u00e4hrstoffe in die Zwiebel einzulagern.<\/p>\n\n\n\n<p>Narzissen k\u00f6nnen durch Ausaat oder Teilung der Zwiebeln vermehrt werden. Ein h\u00e4ufiger Sch\u00e4dling ist die Narzissenfliege, deren Larven die Zwiebeln angreifen. Bei Krankheiten wie Zwiebelbasalf\u00e4ule sollten erkrankte Zwiebeln schnell entfernt werden.<\/p>\n\n\n\n<p>Insgesamt sind Narzissen eine faszinierende Pflanzengattung, die den Fr\u00fchling mit ihrer leuchtenden Bl\u00fctenpracht ank\u00fcndigt und in G\u00e4rten, Parks und Vasen eine beliebte Wahl darstellt. Sie sind pflegeleicht und k\u00f6nnen sich \u00fcber die Jahre hinweg zu beeindruckenden Horsten entwickeln.<\/p>\n","protected":false},"excerpt":{"rendered":"<p>Die Narzisse, auch als Osterglocke bekannt, ist ein beliebter Fr\u00fchbl\u00fcher mit leuchtend gelben oder strahlend wei\u00dfen Bl\u00fcten. Sie k\u00fcndigt den nahenden Fr\u00fchling an und wird oft zu Ostern in G\u00e4rten und Parks bewundert. Urspr\u00fcnglich stammt diese Pflanze von der Iberischen Halbinsel und geh\u00f6rt zur Familie der Amaryllisgew\u00e4chse. Im Handel sind etwa 50 verschiedene Sorten erh\u00e4ltlich, [&hellip;]<\/p>\n","protected":false},"author":1,"featured_media":0,"parent":14,"menu_order":0,"comment_status":"closed","ping_status":"closed","template":"","meta":{"footnotes":""},"class_list":["post-856","page","type-page","status-publish","hentry"],"jetpack_sharing_enabled":true,"_links":{"self":[{"href":"https:\/\/www.wiprechtsgarten.de\/index.php\/wp-json\/wp\/v2\/pages\/856","targetHints":{"allow":["GET"]}}],"collection":[{"href":"https:\/\/www.wiprechtsgarten.de\/index.php\/wp-json\/wp\/v2\/pages"}],"about":[{"href":"https:\/\/www.wiprechtsgarten.de\/index.php\/wp-json\/wp\/v2\/types\/page"}],"author":[{"embeddable":true,"href":"https:\/\/www.wiprechtsgarten.de\/index.php\/wp-json\/wp\/v2\/users\/1"}],"replies":[{"embeddable":true,"href":"https:\/\/www.wiprechtsgarten.de\/index.php\/wp-json\/wp\/v2\/comments?post=856"}],"version-history":[{"count":1,"href":"https:\/\/www.wiprechtsgarten.de\/index.php\/wp-json\/wp\/v2\/pages\/856\/revisions"}],"predecessor-version":[{"id":858,"href":"https:\/\/www.wiprechtsgarten.de\/index.php\/wp-json\/wp\/v2\/pages\/856\/revisions\/858"}],"up":[{"embeddable":true,"href":"https:\/\/www.wiprechtsgarten.de\/index.php\/wp-json\/wp\/v2\/pages\/14"}],"wp:attachment":[{"href":"https:\/\/www.wiprechtsgarten.de\/index.php\/wp-json\/wp\/v2\/media?parent=856"}],"curies":[{"name":"wp","href":"https:\/\/api.w.org\/{rel}","templated":true}]}}