{"id":852,"date":"2023-09-22T07:46:40","date_gmt":"2023-09-22T07:46:40","guid":{"rendered":"https:\/\/www.wiprechtsgarten.de\/?page_id=852"},"modified":"2023-09-22T07:46:44","modified_gmt":"2023-09-22T07:46:44","slug":"gaensebluemchen","status":"publish","type":"page","link":"https:\/\/www.wiprechtsgarten.de\/index.php\/pflanzenlisten\/zierpflanzen\/gaensebluemchen\/","title":{"rendered":"G\u00e4nsebl\u00fcmchen"},"content":{"rendered":"\n<p>Das G\u00e4nsebl\u00fcmchen (<em>Bellis perenni<\/em>s), auch bekannt als Tausendsch\u00f6n, ist eine ausdauernde Pflanze, die das ganze Jahr \u00fcber Bl\u00e4tter tr\u00e4gt und kontinuierlich bl\u00fcht. Die Bl\u00fctenk\u00f6rbchen des G\u00e4nsebl\u00fcmchens folgen der Sonne und schlie\u00dfen sich abends und bei schlechtem Wetter. Diese Pflanze ist eine wichtige Nahrungsquelle f\u00fcr Bienen, Hummeln, Schwebfliegen und Fliegen und hat viele volkst\u00fcmliche Namen wie Tausendsch\u00f6n, Ma\u00dfliebchen und Marienblume.<\/p>\n\n\n\n<figure class=\"wp-block-image alignleft size-full is-resized\"><img loading=\"lazy\" decoding=\"async\" src=\"https:\/\/www.wiprechtsgarten.de\/wp-content\/uploads\/2023\/09\/425px-1479_Auslasser_Primula_veris.jpeg\" alt=\"\" class=\"wp-image-853\" style=\"width:349px;height:395px\" width=\"349\" height=\"395\" srcset=\"https:\/\/www.wiprechtsgarten.de\/wp-content\/uploads\/2023\/09\/425px-1479_Auslasser_Primula_veris.jpeg 425w, https:\/\/www.wiprechtsgarten.de\/wp-content\/uploads\/2023\/09\/425px-1479_Auslasser_Primula_veris-265x300.jpeg 265w\" sizes=\"auto, (max-width: 349px) 100vw, 349px\" \/><\/figure>\n\n\n\n<p>Die wilden G\u00e4nsebl\u00fcmchen (Bellis perennis) sind in Mitteleuropa heimisch und wachsen in Wiesen und Rasenfl\u00e4chen. Die kultivierten Sorten sind gr\u00f6\u00dfer als die Wildform und haben auff\u00e4llige, gro\u00dfe Bl\u00fcten. Sie werden oft als Zierpflanzen in G\u00e4rten und Beeten angebaut und bl\u00fchen im Fr\u00fchling und Sommer.<\/p>\n\n\n\n<p>Die Bl\u00e4tter des Tausendsch\u00f6ns sind sattgr\u00fcn und bilden eine flache Rosette. Die Bl\u00fcten erscheinen ab M\u00e4rz und k\u00f6nnen rosa, rot oder wei\u00df sein. Die eigentliche Bl\u00fcte besteht aus einem gelben K\u00f6rbchen in der Mitte, das aus vielen kleinen R\u00f6hrenbl\u00fcten besteht. Die Fr\u00fcchte sind kleine Schlie\u00dffr\u00fcchte ohne Federkrone.<\/p>\n\n\n\n<p>Das G\u00e4nsebl\u00fcmchen bevorzugt einen sonnigen bis halbschattigen Standort und ben\u00f6tigt regelm\u00e4\u00dfiges, aber m\u00e4\u00dfiges Gie\u00dfen. Es eignet sich f\u00fcr Rabatten, Beeteinfassungen, Balkone und Terrassen oder Blumenwiesen. Es kann auch als Schnittblume verwendet werden und bildet h\u00fcbsche Fr\u00fchlingsstr\u00e4u\u00dfe.<\/p>\n\n\n\n<p>Es gibt verschiedene Sorten von Bellis perennis, darunter die Pomponette-Serie mit gekr\u00e4uselten Bl\u00fctenbl\u00e4ttern in verschiedenen Farben.<\/p>\n\n\n\n<p>Das G\u00e4nsebl\u00fcmchen hat eine lange Geschichte in der Volksheilkunde. Es wurde zur Behandlung von Hauterkrankungen, Kopfschmerzen, Schlaflosigkeit und anderen Beschwerden verwendet. Die Bl\u00fcten k\u00f6nnen roh gegessen werden und werden manchmal als Kapernersatz eingelegt. Es enth\u00e4lt auch das Saponin Bayogenin und \u00e4therische \u00d6le.<\/p>\n\n\n\n<p>Das G\u00e4nsebl\u00fcmchen wurde von verschiedenen Kulturen gesch\u00e4tzt und hatte symbolische Bedeutungen. Es wurde in k\u00f6niglichen Wappen und Schmuckst\u00fccken verwendet. In der Volkskultur spielte es eine Rolle als Fr\u00fchlingsbote und Orakel, bei dem die Bl\u00fctenbl\u00e4tter mit Abz\u00e4hlreimen abgezupft wurden.<\/p>\n\n\n\n<p>In der Geschichte der Pflanzenforschung wurde das G\u00e4nsebl\u00fcmchen von verschiedenen Botanikern beschrieben und klassifiziert. Plinius der \u00c4ltere erw\u00e4hnte es bereits im 1. Jahrhundert. Es wurde auch in mittelalterlichen Kr\u00e4uterb\u00fcchern erw\u00e4hnt und als Heilpflanze genutzt.<\/p>\n\n\n\n<p>Das G\u00e4nsebl\u00fcmchen ist eine faszinierende Pflanze mit einer reichen Geschichte und vielf\u00e4ltigen Verwendungsm\u00f6glichkeiten, sowohl in der Gartenarbeit als auch in der Volksheilkunde und Symbolik.<\/p>\n","protected":false},"excerpt":{"rendered":"<p>Das G\u00e4nsebl\u00fcmchen (Bellis perennis), auch bekannt als Tausendsch\u00f6n, ist eine ausdauernde Pflanze, die das ganze Jahr \u00fcber Bl\u00e4tter tr\u00e4gt und kontinuierlich bl\u00fcht. Die Bl\u00fctenk\u00f6rbchen des G\u00e4nsebl\u00fcmchens folgen der Sonne und schlie\u00dfen sich abends und bei schlechtem Wetter. Diese Pflanze ist eine wichtige Nahrungsquelle f\u00fcr Bienen, Hummeln, Schwebfliegen und Fliegen und hat viele volkst\u00fcmliche Namen wie [&hellip;]<\/p>\n","protected":false},"author":1,"featured_media":0,"parent":14,"menu_order":0,"comment_status":"closed","ping_status":"closed","template":"","meta":{"footnotes":""},"class_list":["post-852","page","type-page","status-publish","hentry"],"jetpack_sharing_enabled":true,"_links":{"self":[{"href":"https:\/\/www.wiprechtsgarten.de\/index.php\/wp-json\/wp\/v2\/pages\/852","targetHints":{"allow":["GET"]}}],"collection":[{"href":"https:\/\/www.wiprechtsgarten.de\/index.php\/wp-json\/wp\/v2\/pages"}],"about":[{"href":"https:\/\/www.wiprechtsgarten.de\/index.php\/wp-json\/wp\/v2\/types\/page"}],"author":[{"embeddable":true,"href":"https:\/\/www.wiprechtsgarten.de\/index.php\/wp-json\/wp\/v2\/users\/1"}],"replies":[{"embeddable":true,"href":"https:\/\/www.wiprechtsgarten.de\/index.php\/wp-json\/wp\/v2\/comments?post=852"}],"version-history":[{"count":1,"href":"https:\/\/www.wiprechtsgarten.de\/index.php\/wp-json\/wp\/v2\/pages\/852\/revisions"}],"predecessor-version":[{"id":854,"href":"https:\/\/www.wiprechtsgarten.de\/index.php\/wp-json\/wp\/v2\/pages\/852\/revisions\/854"}],"up":[{"embeddable":true,"href":"https:\/\/www.wiprechtsgarten.de\/index.php\/wp-json\/wp\/v2\/pages\/14"}],"wp:attachment":[{"href":"https:\/\/www.wiprechtsgarten.de\/index.php\/wp-json\/wp\/v2\/media?parent=852"}],"curies":[{"name":"wp","href":"https:\/\/api.w.org\/{rel}","templated":true}]}}