{"id":840,"date":"2023-09-19T23:13:55","date_gmt":"2023-09-19T23:13:55","guid":{"rendered":"https:\/\/www.wiprechtsgarten.de\/?page_id=840"},"modified":"2023-09-19T23:20:18","modified_gmt":"2023-09-19T23:20:18","slug":"maerzenbecher","status":"publish","type":"page","link":"https:\/\/www.wiprechtsgarten.de\/index.php\/pflanzenlisten\/zierpflanzen\/maerzenbecher\/","title":{"rendered":"M\u00e4rzenbecher"},"content":{"rendered":"\n<p>Botaniker ordnen die Gattung Knotenblume (<em>Leucojum<\/em>) in die Familie der Amaryllisgew\u00e4chse (Amaryllidaceae) ein. Es gibt zwei Arten: die Sommerknotenblume (Leucojum aestivum) und die Fr\u00fchlings-Knotenblume (Leucojum vernum), auch als M\u00e4rzenbecher bekannt. Die Sommerknotenblume ist in ganz Europa bis zur Krim verbreitet und w\u00e4chst auf feuchten Wiesen und an nassen Gew\u00e4sserufern. Die Fr\u00fchlings-Knotenblume kommt in Zentraleuropa vor und bevorzugt Auen- und Laubmischw\u00e4lder. Beide Arten sind beliebte Gartenpflanzen.<\/p>\n\n\n\n<figure class=\"wp-block-image alignleft size-full\"><img loading=\"lazy\" decoding=\"async\" width=\"283\" height=\"481\" src=\"https:\/\/www.wiprechtsgarten.de\/wp-content\/uploads\/2023\/09\/283px-Illustration_Leucojum_vernum0.jpg\" alt=\"\" class=\"wp-image-841\" srcset=\"https:\/\/www.wiprechtsgarten.de\/wp-content\/uploads\/2023\/09\/283px-Illustration_Leucojum_vernum0.jpg 283w, https:\/\/www.wiprechtsgarten.de\/wp-content\/uploads\/2023\/09\/283px-Illustration_Leucojum_vernum0-177x300.jpg 177w\" sizes=\"auto, (max-width: 283px) 100vw, 283px\" \/><\/figure>\n\n\n\n<p>Knotenblumen sind ausdauernde, krautige Gew\u00e4chse mit Zwiebeln als \u00dcberdauerungsorgane. Im Fr\u00fchjahr entwickeln sie Bl\u00e4tter und Bl\u00fctenstiele. Die Fr\u00fchlings-Knotenblume bildet in der Regel eine oder selten zwei glockenf\u00f6rmige Bl\u00fcten, w\u00e4hrend die Sommerknotenblume drei bis f\u00fcnf Bl\u00fcten pro Stiel haben kann. Die Bl\u00fcten sind wei\u00df mit gr\u00fcnen Flecken an den Spitzen. Die Pflanzen werden 10 bis 50 Zentimeter hoch und bl\u00fchen ab Februar bzw. April. Nach der Befruchtung bilden sich Kapselfr\u00fcchte mit Samen. Alle Teile der Knotenblume sind giftig.<\/p>\n\n\n\n<p>Die Fr\u00fchlings-Knotenblume bevorzugt halbschattige bis schattige Standorte, w\u00e4hrend die Sommerknotenblume mehr Licht ben\u00f6tigt. Beide ben\u00f6tigen humus- und n\u00e4hrstoffreiche Erde, wobei die Sommerknotenblume tonig-lehmigen Boden bevorzugt und die Fr\u00fchlings-Knotenblume frische, sandig-lehmige Erde.<\/p>\n\n\n\n<p>Die Pflanzung erfolgt im Herbst, etwa im September bis Oktober. Die Zwiebeln sollten etwa zehn Zentimeter tief in die Erde gesetzt werden. Knotenblumen ben\u00f6tigen wenig Pflege und werden nur gelegentlich ged\u00fcngt. Verbl\u00fchte Bl\u00fctenst\u00e4nde sollten entfernt werden, um die Vermehrung zu verhindern.<\/p>\n\n\n\n<p>M\u00e4rzenbecher (Fr\u00fchlings-Knotenblumen) sind winterhart und ben\u00f6tigen normalerweise keinen Winterschutz. Sie bl\u00fchen von Februar bis April und sind eine beliebte Vorfr\u00fchlingsblume.<\/p>\n\n\n\n<p>Die Pflege der M\u00e4rzenbecher ist einfach, sie ben\u00f6tigen wenig Aufmerksamkeit. Staun\u00e4sse sollte vermieden werden, und verbl\u00fchte Teile k\u00f6nnen entfernt werden. Die Vermehrung erfolgt durch Tochterzwiebeln im Herbst oder durch Samen, obwohl diese Methode l\u00e4nger dauert.<\/p>\n\n\n\n<p>Krankheiten und Sch\u00e4dlinge sind bei Knotenblumen selten, aber W\u00fchlm\u00e4use und Narzissenfliegen k\u00f6nnen Sch\u00e4den verursachen. Pr\u00e4ventive Ma\u00dfnahmen sind empfohlen, um diese Probleme zu verhindern.<\/p>\n\n\n\n<p>Insgesamt sind M\u00e4rzenbecher sch\u00f6ne Fr\u00fchlingsblumen, die leicht im Garten kultiviert werden k\u00f6nnen und eine hervorragende Nahrungsquelle f\u00fcr n\u00fctzliche Garteninsekten darstellen.<\/p>\n","protected":false},"excerpt":{"rendered":"<p>Botaniker ordnen die Gattung Knotenblume (Leucojum) in die Familie der Amaryllisgew\u00e4chse (Amaryllidaceae) ein. Es gibt zwei Arten: die Sommerknotenblume (Leucojum aestivum) und die Fr\u00fchlings-Knotenblume (Leucojum vernum), auch als M\u00e4rzenbecher bekannt. Die Sommerknotenblume ist in ganz Europa bis zur Krim verbreitet und w\u00e4chst auf feuchten Wiesen und an nassen Gew\u00e4sserufern. Die Fr\u00fchlings-Knotenblume kommt in Zentraleuropa vor [&hellip;]<\/p>\n","protected":false},"author":1,"featured_media":0,"parent":14,"menu_order":0,"comment_status":"closed","ping_status":"closed","template":"","meta":{"footnotes":""},"class_list":["post-840","page","type-page","status-publish","hentry"],"jetpack_sharing_enabled":true,"_links":{"self":[{"href":"https:\/\/www.wiprechtsgarten.de\/index.php\/wp-json\/wp\/v2\/pages\/840","targetHints":{"allow":["GET"]}}],"collection":[{"href":"https:\/\/www.wiprechtsgarten.de\/index.php\/wp-json\/wp\/v2\/pages"}],"about":[{"href":"https:\/\/www.wiprechtsgarten.de\/index.php\/wp-json\/wp\/v2\/types\/page"}],"author":[{"embeddable":true,"href":"https:\/\/www.wiprechtsgarten.de\/index.php\/wp-json\/wp\/v2\/users\/1"}],"replies":[{"embeddable":true,"href":"https:\/\/www.wiprechtsgarten.de\/index.php\/wp-json\/wp\/v2\/comments?post=840"}],"version-history":[{"count":1,"href":"https:\/\/www.wiprechtsgarten.de\/index.php\/wp-json\/wp\/v2\/pages\/840\/revisions"}],"predecessor-version":[{"id":842,"href":"https:\/\/www.wiprechtsgarten.de\/index.php\/wp-json\/wp\/v2\/pages\/840\/revisions\/842"}],"up":[{"embeddable":true,"href":"https:\/\/www.wiprechtsgarten.de\/index.php\/wp-json\/wp\/v2\/pages\/14"}],"wp:attachment":[{"href":"https:\/\/www.wiprechtsgarten.de\/index.php\/wp-json\/wp\/v2\/media?parent=840"}],"curies":[{"name":"wp","href":"https:\/\/api.w.org\/{rel}","templated":true}]}}