{"id":834,"date":"2023-09-19T22:27:26","date_gmt":"2023-09-19T22:27:26","guid":{"rendered":"https:\/\/www.wiprechtsgarten.de\/?page_id=834"},"modified":"2023-09-21T21:22:40","modified_gmt":"2023-09-21T21:22:40","slug":"maigloeckchen","status":"publish","type":"page","link":"https:\/\/www.wiprechtsgarten.de\/index.php\/pflanzenlisten\/zierpflanzen\/maigloeckchen\/","title":{"rendered":"Maigl\u00f6ckchen"},"content":{"rendered":"\n<p>Das Maigl\u00f6ckchen (Convallaria majalis) ist eine mehrj\u00e4hrige krautige Pflanze, die in Europa, Asien und Nordamerika heimisch ist und in Laubw\u00e4ldern, vor allem Buchenw\u00e4ldern, sowie auf Wiesen und in Gebirgen bis zu 1.900 Metern H\u00f6he w\u00e4chst. Sie erreicht eine H\u00f6he von 15 bis 25 Zentimetern und zeichnet sich durch ihre lanzettf\u00f6rmigen Bl\u00e4tter aus. Im Fr\u00fchling tr\u00e4gt sie glockenf\u00f6rmige wei\u00dfe Bl\u00fcten, gefolgt von leuchtend roten Beeren im Sommer. Trotz ihrer giftigen Eigenschaften werden die getrockneten Pflanzenteile in der Medizin zur Behandlung von Herzerkrankungen eingesetzt.<\/p>\n\n\n\n<figure class=\"wp-block-image alignleft size-full is-resized\"><img loading=\"lazy\" decoding=\"async\" src=\"https:\/\/www.wiprechtsgarten.de\/wp-content\/uploads\/2023\/09\/Maigloeckchen.jpg\" alt=\"\" class=\"wp-image-835\" style=\"width:286px;height:459px\" width=\"286\" height=\"459\" srcset=\"https:\/\/www.wiprechtsgarten.de\/wp-content\/uploads\/2023\/09\/Maigloeckchen.jpg 500w, https:\/\/www.wiprechtsgarten.de\/wp-content\/uploads\/2023\/09\/Maigloeckchen-187x300.jpg 187w\" sizes=\"auto, (max-width: 286px) 100vw, 286px\" \/><\/figure>\n\n\n\n<p>Maigl\u00f6ckchen sind auch als Zierpflanzen beliebt und eignen sich gut f\u00fcr Geh\u00f6lzgruppen und schattige Rabatten. Sie werden auch als Schnittblumen und Topfpflanzen angebaut. Die Vermehrung erfolgt im Juni oder Juli durch das Teilen der flach im Boden liegenden Wurzeln. Maigl\u00f6ckchen sind pflegeleicht und bevorzugen halbschattige bis schattige Standorte mit feuchtem, humusreichem Boden.<\/p>\n\n\n\n<p>In der Geschichte wurde das Maigl\u00f6ckchen als Symbol f\u00fcr die Heilkunde und die keusche Liebe verwendet. Es findet Erw\u00e4hnung in der Kunst und Literatur und inspirierte viele Dichter und K\u00fcnstler. Nikolaus Kopernikus lie\u00df sich beispielsweise mit einem Maigl\u00f6ckchen in der Hand abbilden.<\/p>\n\n\n\n<p>In Bezug auf Krankheiten und Sch\u00e4dlinge k\u00f6nnen Maigl\u00f6ckchen von Rostpilz und Grauschimmel befallen werden. Die Bek\u00e4mpfung erfordert das Entfernen der befallenen Teile und gegebenenfalls eine kaliumbetonte D\u00fcngung. Das Lilienh\u00e4hnchen kann ebenfalls Sch\u00e4den verursachen, aber es kann durch Ablesen der K\u00e4fer und Larven sowie Absp\u00fclen mit einem Gartenschlauch bek\u00e4mpft werden.<\/p>\n\n\n\n<p>Insgesamt ist das Maigl\u00f6ckchen eine vielseitige Pflanze, die in verschiedenen Anwendungsgebieten Verwendung findet und eine lange Geschichte in der menschlichen Kultur hat.<\/p>\n","protected":false},"excerpt":{"rendered":"<p>Das Maigl\u00f6ckchen (Convallaria majalis) ist eine mehrj\u00e4hrige krautige Pflanze, die in Europa, Asien und Nordamerika heimisch ist und in Laubw\u00e4ldern, vor allem Buchenw\u00e4ldern, sowie auf Wiesen und in Gebirgen bis zu 1.900 Metern H\u00f6he w\u00e4chst. Sie erreicht eine H\u00f6he von 15 bis 25 Zentimetern und zeichnet sich durch ihre lanzettf\u00f6rmigen Bl\u00e4tter aus. Im Fr\u00fchling tr\u00e4gt [&hellip;]<\/p>\n","protected":false},"author":1,"featured_media":0,"parent":14,"menu_order":0,"comment_status":"closed","ping_status":"closed","template":"","meta":{"footnotes":""},"class_list":["post-834","page","type-page","status-publish","hentry"],"jetpack_sharing_enabled":true,"_links":{"self":[{"href":"https:\/\/www.wiprechtsgarten.de\/index.php\/wp-json\/wp\/v2\/pages\/834","targetHints":{"allow":["GET"]}}],"collection":[{"href":"https:\/\/www.wiprechtsgarten.de\/index.php\/wp-json\/wp\/v2\/pages"}],"about":[{"href":"https:\/\/www.wiprechtsgarten.de\/index.php\/wp-json\/wp\/v2\/types\/page"}],"author":[{"embeddable":true,"href":"https:\/\/www.wiprechtsgarten.de\/index.php\/wp-json\/wp\/v2\/users\/1"}],"replies":[{"embeddable":true,"href":"https:\/\/www.wiprechtsgarten.de\/index.php\/wp-json\/wp\/v2\/comments?post=834"}],"version-history":[{"count":1,"href":"https:\/\/www.wiprechtsgarten.de\/index.php\/wp-json\/wp\/v2\/pages\/834\/revisions"}],"predecessor-version":[{"id":836,"href":"https:\/\/www.wiprechtsgarten.de\/index.php\/wp-json\/wp\/v2\/pages\/834\/revisions\/836"}],"up":[{"embeddable":true,"href":"https:\/\/www.wiprechtsgarten.de\/index.php\/wp-json\/wp\/v2\/pages\/14"}],"wp:attachment":[{"href":"https:\/\/www.wiprechtsgarten.de\/index.php\/wp-json\/wp\/v2\/media?parent=834"}],"curies":[{"name":"wp","href":"https:\/\/api.w.org\/{rel}","templated":true}]}}