{"id":830,"date":"2023-09-19T22:08:32","date_gmt":"2023-09-19T22:08:32","guid":{"rendered":"https:\/\/www.wiprechtsgarten.de\/?page_id=830"},"modified":"2023-09-19T22:08:35","modified_gmt":"2023-09-19T22:08:35","slug":"loewenmaeulchen","status":"publish","type":"page","link":"https:\/\/www.wiprechtsgarten.de\/index.php\/pflanzenlisten\/zierpflanzen\/loewenmaeulchen\/","title":{"rendered":"L\u00f6wenm\u00e4ulchen"},"content":{"rendered":"\n<p>Das Gro\u00dfe L\u00f6wenm\u00e4ulchen (Antirrhinum majus) ist eine bekannte Art der L\u00f6wenm\u00e4uler und geh\u00f6rt heute zur Familie der Wegerichgew\u00e4chse (Plantaginaceae). Urspr\u00fcnglich aus den trockenen Mittelmeerzonen stammend, wird es seit dem 15. Jahrhundert als Garten- und Schnittblume kultiviert. Es ist auch unter regionalen Namen wie &#8222;Froschgoscherl&#8220;, &#8222;Kalbsmaul&#8220; oder &#8222;Hundskopf&#8220; bekannt.<\/p>\n\n\n\n<figure class=\"wp-block-image alignleft size-full\"><img loading=\"lazy\" decoding=\"async\" width=\"250\" height=\"400\" src=\"https:\/\/www.wiprechtsgarten.de\/wp-content\/uploads\/2023\/09\/14973972292_a16b853715_w.jpg\" alt=\"\" class=\"wp-image-831\" srcset=\"https:\/\/www.wiprechtsgarten.de\/wp-content\/uploads\/2023\/09\/14973972292_a16b853715_w.jpg 250w, https:\/\/www.wiprechtsgarten.de\/wp-content\/uploads\/2023\/09\/14973972292_a16b853715_w-188x300.jpg 188w\" sizes=\"auto, (max-width: 250px) 100vw, 250px\" \/><\/figure>\n\n\n\n<p>Das L\u00f6wenm\u00e4ulchen ist eine einj\u00e4hrige Sommerblume mit einer Wuchsh\u00f6he von 20 bis 100 Zentimetern. Seine gegenst\u00e4ndig angeordneten Bl\u00e4tter sind l\u00e4nglich-elliptisch und zugespitzt. Die auff\u00e4lligen Bl\u00fcten bestehen aus mehreren Einzelbl\u00fcten, die sich eng an Stielen anordnen und beim Druck wie ein kleiner Mund \u00f6ffnen. Die Bl\u00fcten k\u00f6nnen in Wei\u00df, Gelb, Orange, Rot, Rosa und mehreren Farbkombinationen auftreten und bl\u00fchen von Juni bis September.<\/p>\n\n\n\n<p>Das Gro\u00dfe L\u00f6wenm\u00e4ulchen bevorzugt einen warmen Standort mit n\u00e4hrstoffreichem Boden, der nicht zu trocken und leicht sauer ist. Es gedeiht am besten in voller Sonne, kann aber auch im Halbschatten wachsen. Die Aussaat erfolgt ab Januar bis M\u00e4rz in Anzuchtschalen, und die Pflanzen sollten nach dem Keimen bei etwa 20 Grad Raumtemperatur weiter wachsen. Im April k\u00f6nnen die Jungpflanzen ins Beet gepflanzt werden.<\/p>\n\n\n\n<p>Die Pflege des L\u00f6wenm\u00e4ulchens umfasst das regelm\u00e4\u00dfige Entfernen verbl\u00fchter Teile, das Ausputzen der Triebe in einer H\u00f6he von 10 Zentimetern f\u00fcr bessere Verzweigung und die Verwendung von D\u00fcngemitteln wie Kompost oder Hornsp\u00e4ne. Die Pflanzen sollten nicht austrocknen, aber Staun\u00e4sse vermeiden. Bei hohen Sorten ist es ratsam, St\u00fctzen zu verwenden.<\/p>\n\n\n\n<p>L\u00f6wenm\u00e4ulchen sind vielseitig einsetzbar und k\u00f6nnen in Beeten, T\u00f6pfen, Balkonk\u00e4sten und als Schnittblumen verwendet werden. Es gibt verschiedene Sorten mit unterschiedlichen Wuchsh\u00f6hen und Farben. Die \u00dcberwinterung von L\u00f6wenm\u00e4ulchen ist m\u00f6glich, insbesondere bei winterharten Sorten, aber es erfordert spezielle Vorbereitungen und Schutzma\u00dfnahmen.<\/p>\n\n\n\n<p>Die Pflanzen sind robust gegen\u00fcber Sch\u00e4dlingen, aber anf\u00e4llig f\u00fcr Pilzkrankheiten, insbesondere wenn die Bl\u00e4tter feucht sind. Daher ist ein gut durchl\u00fcfteter Standort empfehlenswert. L\u00f6wenm\u00e4ulchen sind auch eine wichtige Nahrungsquelle f\u00fcr Hummeln, da ihre Bl\u00fcten eine einzigartige Form haben, die es Hummeln erm\u00f6glicht, an den Nektar zu gelangen.<\/p>\n","protected":false},"excerpt":{"rendered":"<p>Das Gro\u00dfe L\u00f6wenm\u00e4ulchen (Antirrhinum majus) ist eine bekannte Art der L\u00f6wenm\u00e4uler und geh\u00f6rt heute zur Familie der Wegerichgew\u00e4chse (Plantaginaceae). Urspr\u00fcnglich aus den trockenen Mittelmeerzonen stammend, wird es seit dem 15. Jahrhundert als Garten- und Schnittblume kultiviert. Es ist auch unter regionalen Namen wie &#8222;Froschgoscherl&#8220;, &#8222;Kalbsmaul&#8220; oder &#8222;Hundskopf&#8220; bekannt. Das L\u00f6wenm\u00e4ulchen ist eine einj\u00e4hrige Sommerblume mit [&hellip;]<\/p>\n","protected":false},"author":1,"featured_media":0,"parent":14,"menu_order":0,"comment_status":"closed","ping_status":"closed","template":"","meta":{"footnotes":""},"class_list":["post-830","page","type-page","status-publish","hentry"],"jetpack_sharing_enabled":true,"_links":{"self":[{"href":"https:\/\/www.wiprechtsgarten.de\/index.php\/wp-json\/wp\/v2\/pages\/830","targetHints":{"allow":["GET"]}}],"collection":[{"href":"https:\/\/www.wiprechtsgarten.de\/index.php\/wp-json\/wp\/v2\/pages"}],"about":[{"href":"https:\/\/www.wiprechtsgarten.de\/index.php\/wp-json\/wp\/v2\/types\/page"}],"author":[{"embeddable":true,"href":"https:\/\/www.wiprechtsgarten.de\/index.php\/wp-json\/wp\/v2\/users\/1"}],"replies":[{"embeddable":true,"href":"https:\/\/www.wiprechtsgarten.de\/index.php\/wp-json\/wp\/v2\/comments?post=830"}],"version-history":[{"count":1,"href":"https:\/\/www.wiprechtsgarten.de\/index.php\/wp-json\/wp\/v2\/pages\/830\/revisions"}],"predecessor-version":[{"id":832,"href":"https:\/\/www.wiprechtsgarten.de\/index.php\/wp-json\/wp\/v2\/pages\/830\/revisions\/832"}],"up":[{"embeddable":true,"href":"https:\/\/www.wiprechtsgarten.de\/index.php\/wp-json\/wp\/v2\/pages\/14"}],"wp:attachment":[{"href":"https:\/\/www.wiprechtsgarten.de\/index.php\/wp-json\/wp\/v2\/media?parent=830"}],"curies":[{"name":"wp","href":"https:\/\/api.w.org\/{rel}","templated":true}]}}