{"id":826,"date":"2023-09-19T22:01:04","date_gmt":"2023-09-19T22:01:04","guid":{"rendered":"https:\/\/www.wiprechtsgarten.de\/?page_id=826"},"modified":"2023-09-19T22:01:08","modified_gmt":"2023-09-19T22:01:08","slug":"levkojen","status":"publish","type":"page","link":"https:\/\/www.wiprechtsgarten.de\/index.php\/pflanzenlisten\/zierpflanzen\/levkojen\/","title":{"rendered":"Levkojen"},"content":{"rendered":"\n<p>Die Levkoje, auch als <em>Matthiola incana<\/em> bekannt, ist eine traditionelle Bauerngartenpflanze aus der Familie der Kreuzbl\u00fctengew\u00e4chse. Urspr\u00fcnglich in S\u00fcdwesteuropa, Kleinasien, Nordafrika und den Kanarischen Inseln beheimatet, gibt es etwa 50 verschiedene Arten von Levkojen. Diese Blumen waren schon in der Antike aufgrund ihres au\u00dfergew\u00f6hnlichen Aromas beliebt und wurden im 18. Jahrhundert in allen Gesellschaftsschichten popul\u00e4r.<\/p>\n\n\n\n<figure class=\"wp-block-image alignleft size-full\"><img loading=\"lazy\" decoding=\"async\" width=\"295\" height=\"480\" src=\"https:\/\/www.wiprechtsgarten.de\/wp-content\/uploads\/2023\/09\/295px-Matthiola_incana_illustration.jpg\" alt=\"\" class=\"wp-image-827\" srcset=\"https:\/\/www.wiprechtsgarten.de\/wp-content\/uploads\/2023\/09\/295px-Matthiola_incana_illustration.jpg 295w, https:\/\/www.wiprechtsgarten.de\/wp-content\/uploads\/2023\/09\/295px-Matthiola_incana_illustration-184x300.jpg 184w\" sizes=\"auto, (max-width: 295px) 100vw, 295px\" \/><\/figure>\n\n\n\n<p>Levkojen sind \u00fcppige Halbstr\u00e4ucher, die zwischen 20 und 80 Zentimeter hoch werden und eine starke Pfahlwurzel entwickeln. Ihre grauwei\u00df behaarten, lanzettlichen Bl\u00e4tter bilden an den Enden Bl\u00fctenrispen. Die Bl\u00fctezeit erstreckt sich von Juni bis September, und die Bl\u00fcten sind in Wei\u00df, Gelb, Rot, Violett, Rosa und Flieder erh\u00e4ltlich. Je nach Sorte k\u00f6nnen die Bl\u00fcten gef\u00fcllt oder einfach bl\u00fchend sein und verstr\u00f6men einen intensiven Duft von Zimt, Nelke, Muskat und Vanille. Levkojen bilden etwa ein Zentimeter lange Schoten mit kugelf\u00f6rmigen Samen.<\/p>\n\n\n\n<p>Diese Pflanzen gedeihen am besten an sonnigen, windgesch\u00fctzten Standorten in einem mittelschweren, durchl\u00e4ssigen Boden mit guter N\u00e4hrstoffversorgung. Die Anzucht von Levkojen ist von Februar bis April auf der Fensterbank bei Temperaturen zwischen 15 und 18 Grad Celsius m\u00f6glich. Die Aussaat kann auch direkt im Freiland ab Mitte Mai erfolgen, mit einer Keimdauer von etwa 15 Tagen. Levkojen ben\u00f6tigen reichlich Wasser, aber Staun\u00e4sse sollte vermieden werden. Salzempfindliche Levkojen sollten sparsam mit Fl\u00fcssigd\u00fcnger versorgt werden. Pflanzenst\u00fctzen sind hilfreich, um hohe Sorten vor dem Umknicken zu sch\u00fctzen, und das regelm\u00e4\u00dfige Entfernen verbl\u00fchter Bl\u00fcten verl\u00e4ngert die Bl\u00fctezeit.<\/p>\n\n\n\n<p>Levkojen finden Verwendung in Blumenrabatten, Duftbeeten, Balkonk\u00e4sten und T\u00f6pfen. Sie ziehen Best\u00e4uber wie Nachtfalter an und eignen sich auch als Schnittblumen f\u00fcr Sommer- und Duftstr\u00e4u\u00dfe. Es gibt viele verschiedene Sorten von Levkojen, darunter &#8218;Cinderella Appleblossom&#8216; (hellrosa, 25 cm hoch), &#8218;Anytime Hot Pink&#8216; (gef\u00fcllte Bl\u00fcten, 70 cm hoch), &#8218;Ruby Improved&#8216; (rotwei\u00dfe Bl\u00fcten, 60-90 cm hoch) und &#8218;Anytime Yellow&#8216; (helles Pastellgelb). Die Vermehrung erfolgt am einfachsten durch Aussaat auf der Fensterbank im Februar oder M\u00e4rz.<\/p>\n\n\n\n<p>Levkojen sind in der Regel widerstandsf\u00e4hig gegen Krankheiten, k\u00f6nnen jedoch von Schnecken befallen werden. Insgesamt sind Levkojen wunderbare Bl\u00fctenpflanzen, die mit ihrer Farbvielfalt und ihrem intensiven Duft eine Bereicherung f\u00fcr jeden Garten oder Balkon darstellen.<\/p>\n","protected":false},"excerpt":{"rendered":"<p>Die Levkoje, auch als Matthiola incana bekannt, ist eine traditionelle Bauerngartenpflanze aus der Familie der Kreuzbl\u00fctengew\u00e4chse. Urspr\u00fcnglich in S\u00fcdwesteuropa, Kleinasien, Nordafrika und den Kanarischen Inseln beheimatet, gibt es etwa 50 verschiedene Arten von Levkojen. Diese Blumen waren schon in der Antike aufgrund ihres au\u00dfergew\u00f6hnlichen Aromas beliebt und wurden im 18. Jahrhundert in allen Gesellschaftsschichten popul\u00e4r. [&hellip;]<\/p>\n","protected":false},"author":1,"featured_media":0,"parent":14,"menu_order":0,"comment_status":"closed","ping_status":"closed","template":"","meta":{"footnotes":""},"class_list":["post-826","page","type-page","status-publish","hentry"],"jetpack_sharing_enabled":true,"_links":{"self":[{"href":"https:\/\/www.wiprechtsgarten.de\/index.php\/wp-json\/wp\/v2\/pages\/826","targetHints":{"allow":["GET"]}}],"collection":[{"href":"https:\/\/www.wiprechtsgarten.de\/index.php\/wp-json\/wp\/v2\/pages"}],"about":[{"href":"https:\/\/www.wiprechtsgarten.de\/index.php\/wp-json\/wp\/v2\/types\/page"}],"author":[{"embeddable":true,"href":"https:\/\/www.wiprechtsgarten.de\/index.php\/wp-json\/wp\/v2\/users\/1"}],"replies":[{"embeddable":true,"href":"https:\/\/www.wiprechtsgarten.de\/index.php\/wp-json\/wp\/v2\/comments?post=826"}],"version-history":[{"count":1,"href":"https:\/\/www.wiprechtsgarten.de\/index.php\/wp-json\/wp\/v2\/pages\/826\/revisions"}],"predecessor-version":[{"id":828,"href":"https:\/\/www.wiprechtsgarten.de\/index.php\/wp-json\/wp\/v2\/pages\/826\/revisions\/828"}],"up":[{"embeddable":true,"href":"https:\/\/www.wiprechtsgarten.de\/index.php\/wp-json\/wp\/v2\/pages\/14"}],"wp:attachment":[{"href":"https:\/\/www.wiprechtsgarten.de\/index.php\/wp-json\/wp\/v2\/media?parent=826"}],"curies":[{"name":"wp","href":"https:\/\/api.w.org\/{rel}","templated":true}]}}