{"id":821,"date":"2023-09-19T13:33:04","date_gmt":"2023-09-19T13:33:04","guid":{"rendered":"https:\/\/www.wiprechtsgarten.de\/?page_id=821"},"modified":"2023-09-19T13:36:02","modified_gmt":"2023-09-19T13:36:02","slug":"immergruen","status":"publish","type":"page","link":"https:\/\/www.wiprechtsgarten.de\/index.php\/pflanzenlisten\/zierpflanzen\/immergruen\/","title":{"rendered":"Immergr\u00fcn"},"content":{"rendered":"\n<p>Das Kleine Immergr\u00fcn, auch bekannt als<em> Vinca minor<\/em>, ist eine Pflanze, die in S\u00fcd- und Mitteleuropa sowie in Vorderasien heimisch ist. Es geh\u00f6rt zur Familie der Hundsgiftgew\u00e4chse und ist urspr\u00fcnglich in heimischen Buchen-Mischw\u00e4ldern beheimatet. Diese Pflanze w\u00e4chst als Halbstrauch und erreicht eine H\u00f6he von 10 bis 30 Zentimetern sowie eine Breite von 20 bis 50 Zentimetern. Sie breitet sich teppichartig aus und hat immergr\u00fcne, dunkelgr\u00fcne, ledrige Bl\u00e4tter mit gl\u00e4nzender Oberfl\u00e4che. Beim Abknicken der Bl\u00e4tter und Triebe tritt ein wei\u00dfer Milchsaft aus.<\/p>\n\n\n\n<figure class=\"wp-block-image alignleft size-full is-resized\"><img loading=\"lazy\" decoding=\"async\" src=\"https:\/\/www.wiprechtsgarten.de\/wp-content\/uploads\/2023\/09\/Vinca_minor.jpg\" alt=\"\" class=\"wp-image-822\" style=\"width:362px;height:610px\" width=\"362\" height=\"610\" srcset=\"https:\/\/www.wiprechtsgarten.de\/wp-content\/uploads\/2023\/09\/Vinca_minor.jpg 500w, https:\/\/www.wiprechtsgarten.de\/wp-content\/uploads\/2023\/09\/Vinca_minor-178x300.jpg 178w\" sizes=\"auto, (max-width: 362px) 100vw, 362px\" \/><\/figure>\n\n\n\n<p>Die Bl\u00fcten des Kleinen Immergr\u00fcns sind blau und bestehen aus f\u00fcnf Bl\u00fctenbl\u00e4ttern, die sich asymmetrisch nach rechts drehen. Die Bl\u00fctezeit beginnt im April und erstreckt sich bis in den September. Die Pflanze bildet kleine braun-gr\u00fcne Samenkapseln, die aufspringen, wenn die Samen reif sind.<\/p>\n\n\n\n<p>In Bezug auf den Standort bevorzugt das Kleine Immergr\u00fcn Sonne, kann aber auch im Schatten wachsen, obwohl es in schattigen Bereichen weniger Bl\u00fcten bildet. Es gedeiht in verschiedenen Bodentypen, darunter humusreicher, n\u00e4hrstoffreicher Boden, sandiger bis lehmiger Boden und sogar saurer Boden.<\/p>\n\n\n\n<p>Bei der Pflanzung von Vinca minor empfiehlt es sich, sieben bis neun Pflanzen pro Quadratmeter zu setzen. Die Herbstpflanzung wird aufgrund der guten Anwachsrate der Wurzeln trotz des immergr\u00fcnen Laubs empfohlen. Der Boden sollte von Unkraut befreit und mit Kompost vorbereitet werden. Nach dem Pflanzen ist es ratsam, Hornsp\u00e4ne zu d\u00fcngen und eine Schicht Rindenmulch aufzutragen. Ein R\u00fcckschnitt im Herbst nach der Bl\u00fcte ist m\u00f6glich, um eine dichte Bodendecke zu f\u00f6rdern.<\/p>\n\n\n\n<p>Das Kleine Immergr\u00fcn ist winterhart, kann jedoch in jungen Jahren und bei anhaltendem Frost von einem leichten Winterschutz profitieren.<\/p>\n\n\n\n<p>Im Garten wird das Kleine Immergr\u00fcn haupts\u00e4chlich als Bodendecker verwendet, vorzugsweise an sonnigen bis halbschattigen Standorten. Es kann auch in Pflanzgef\u00e4\u00dfen, schmalen Pflanzstreifen am Haus und f\u00fcr die Grabbepflanzung eingesetzt werden. Es ist auch kompatibel mit weniger konkurrenzstarken Geh\u00f6lzen.<\/p>\n\n\n\n<p>Die Vermehrung von Vinca minor erfolgt durch Teilung oder das Abstechen einzelner Bodentriebe, vorzugsweise im Herbst und Fr\u00fchjahr. Krankheiten und Sch\u00e4dlinge wie das Gurkenmosaikvirus, Rostinfektionen, Spinnmilben und Blattl\u00e4use k\u00f6nnen auftreten, erfordern jedoch spezielle Ma\u00dfnahmen zur Bek\u00e4mpfung.<\/p>\n\n\n\n<p>Das Kleine Immergr\u00fcn ist aufgrund seiner dekorativen und vielseitigen Eigenschaften eine beliebte Pflanze im Gartenbau.<\/p>\n\n\n\n<p>Im Volksglaube ist Immergr\u00fcn eine Zeigerpflanze f\u00fcr das Leben und den Tod. In der Andreasnacht legten junge M\u00e4dchen zwei Bl\u00e4tter des Immergr\u00fcns auf Wasser in einen Eimer. Sind diese am Morgen aneinander herangeschwommen, so verheiratet sich das M\u00e4dchen noch in selben Jahr. Sind die an Fenster geklebteb Bl\u00e4tter schwarz, so stirbt das M\u00e4dchen noch im selben Jahr. <\/p>\n\n\n\n<p>Wegen seiner Bedeutung f\u00fcr schicksalhafte Entscheidungen wurde das Immergr\u00fcn auch gern als Bodendecker f\u00fcr Grabanlagen genutzt. <\/p>\n","protected":false},"excerpt":{"rendered":"<p>Das Kleine Immergr\u00fcn, auch bekannt als Vinca minor, ist eine Pflanze, die in S\u00fcd- und Mitteleuropa sowie in Vorderasien heimisch ist. Es geh\u00f6rt zur Familie der Hundsgiftgew\u00e4chse und ist urspr\u00fcnglich in heimischen Buchen-Mischw\u00e4ldern beheimatet. Diese Pflanze w\u00e4chst als Halbstrauch und erreicht eine H\u00f6he von 10 bis 30 Zentimetern sowie eine Breite von 20 bis 50 [&hellip;]<\/p>\n","protected":false},"author":1,"featured_media":0,"parent":14,"menu_order":0,"comment_status":"closed","ping_status":"closed","template":"","meta":{"footnotes":""},"class_list":["post-821","page","type-page","status-publish","hentry"],"jetpack_sharing_enabled":true,"_links":{"self":[{"href":"https:\/\/www.wiprechtsgarten.de\/index.php\/wp-json\/wp\/v2\/pages\/821","targetHints":{"allow":["GET"]}}],"collection":[{"href":"https:\/\/www.wiprechtsgarten.de\/index.php\/wp-json\/wp\/v2\/pages"}],"about":[{"href":"https:\/\/www.wiprechtsgarten.de\/index.php\/wp-json\/wp\/v2\/types\/page"}],"author":[{"embeddable":true,"href":"https:\/\/www.wiprechtsgarten.de\/index.php\/wp-json\/wp\/v2\/users\/1"}],"replies":[{"embeddable":true,"href":"https:\/\/www.wiprechtsgarten.de\/index.php\/wp-json\/wp\/v2\/comments?post=821"}],"version-history":[{"count":2,"href":"https:\/\/www.wiprechtsgarten.de\/index.php\/wp-json\/wp\/v2\/pages\/821\/revisions"}],"predecessor-version":[{"id":825,"href":"https:\/\/www.wiprechtsgarten.de\/index.php\/wp-json\/wp\/v2\/pages\/821\/revisions\/825"}],"up":[{"embeddable":true,"href":"https:\/\/www.wiprechtsgarten.de\/index.php\/wp-json\/wp\/v2\/pages\/14"}],"wp:attachment":[{"href":"https:\/\/www.wiprechtsgarten.de\/index.php\/wp-json\/wp\/v2\/media?parent=821"}],"curies":[{"name":"wp","href":"https:\/\/api.w.org\/{rel}","templated":true}]}}