{"id":760,"date":"2023-09-16T23:09:34","date_gmt":"2023-09-16T23:09:34","guid":{"rendered":"https:\/\/www.wiprechtsgarten.de\/?page_id=760"},"modified":"2023-09-16T23:26:44","modified_gmt":"2023-09-16T23:26:44","slug":"eisenhut","status":"publish","type":"page","link":"https:\/\/www.wiprechtsgarten.de\/index.php\/pflanzenlisten\/zierpflanzen\/eisenhut\/","title":{"rendered":"Eisenhut"},"content":{"rendered":"\n<p>Der Eisenhut, wissenschaftlich als Aconitum bekannt, ist eine Gattung von Pflanzen, die in Europa und Asien heimisch ist. Diese Pflanzen sind f\u00fcr ihre attraktiven Bl\u00fcten und ihre extreme Giftigkeit bekannt. <\/p>\n\n\n\n<p>Der Blaue Eisenhut ist eine stattliche Pflanze, die bis 1,50 m hoch wird. Die Wurzel ist schw\u00e4rzlich, fleischig und r\u00fcbenartig. Die Bl\u00fcten bilden eine dichte, meist einfache Traube. Die Bl\u00fctenstiele stehen meist aufrecht. Die violette (seltener wei\u00dfe oder r\u00f6tliche) Bl\u00fctenh\u00fclle wird von f\u00fcnf kronenblattartigen Bl\u00e4ttern gebildet. Der sogenannte &#8222;Helm&#8220;, das oberste Bl\u00fctenblatt, umschlie\u00dft wie ein Sturmhut zwei langgestielte Honigbl\u00e4tter, die zwei sogenannten &#8222;Tauben des Venuswagens&#8220;. Staubbl\u00e4tter zahlreich. Die drei Balgfr\u00fcchte, die mehrsamig sind, treten bald nach dem Verbl\u00fchen auseinander. Bl\u00fctezeit: Juni bis August.<\/p>\n\n\n\n<p>Die Pflanze kommt vor in Geb\u00fcschen, auf Schutthalden, auf feuchten, humosen Weiden und an Bachufern. Sie bevorzugt fetten, gut ged\u00fcngten Boden und tritt deshalb besonders gern als l\u00e4stiges und giftiges Unkraut in der N\u00e4he von Sennh\u00fctten auf, wo der Dung des Viehs besonders reichlich abgesetzt wird.<\/p>\n\n\n\n<figure class=\"wp-block-image alignleft size-full is-resized\"><img loading=\"lazy\" decoding=\"async\" src=\"https:\/\/www.wiprechtsgarten.de\/wp-content\/uploads\/2023\/09\/15571386381_385f5b6e04_c.jpg\" alt=\"\" class=\"wp-image-761\" style=\"width:389px;height:650px\" width=\"389\" height=\"650\" srcset=\"https:\/\/www.wiprechtsgarten.de\/wp-content\/uploads\/2023\/09\/15571386381_385f5b6e04_c.jpg 479w, https:\/\/www.wiprechtsgarten.de\/wp-content\/uploads\/2023\/09\/15571386381_385f5b6e04_c-180x300.jpg 180w\" sizes=\"auto, (max-width: 389px) 100vw, 389px\" \/><\/figure>\n\n\n\n<p><strong>Name:<\/strong> Acon\u00edtum nap\u00e9llus L. Blauer Eisenhut, Sturmhut. <em>Franz\u00f6sisch:<\/em> Aconit Napel, capuchon, capuze de moine casque bleu, casque de Jupiter, char de Venus, tuelop; <em>englisch:<\/em> Monkshood, Priest&#8217;s pintle; <em>italienisch:<\/em> Aconito napello; <em>d\u00e4nisch:<\/em> Blaa Stormhat, Dueblomst, Munkeh\u00e4tte, Venusv\u00f3gn; <em>polnisch:<\/em> Tojad, Pantofelki, Om\u011bj \u0160alamounek; <em>ungarisch:<\/em> Sisakvir\u00e1g.<\/p>\n\n\n\n<p><strong>Namensursprung:<\/strong> Wie <strong>Theophrast<\/strong> sagt, stammt der Name Aconitum von der Stadt Aconae, in deren N\u00e4he die Pflanze vorkommt. <strong>Plinius<\/strong> bringt ihn in Verbindung mit dem Wort aconae = nackte Felsklippen in bezug auf den Standort der Pflanze. Napellus wird vom lateinischen napus = Steckr\u00fcbe in bezug auf die kleinen r\u00fcbenf\u00f6rmigen Wurzeln abgeleitet. Die vielen Volksnamen wie Eisenhut, casque bleu, Monkshood, nehmen auf die eigent\u00fcmliche Bl\u00fctenform Bezug.<\/p>\n\n\n\n<p><strong>Volkst\u00fcmliche Bezeichnungen:<\/strong> Die meisten Volksnamen der Pflanze nehmen auf die eigent\u00fcmliche Bl\u00fctenform Bezug. Sie wird bald verglichen mit verschiedenen Kopfbedeckungen, mit Schuhen usw., bald mit Pferdchen, Tauben (die beiden kappenf\u00f6rmigen Honigbl\u00e4tter), mit Wagen. Eine andere Gruppe von Namen weist auf die Giftigkeit der Pflanze hin.<\/p>\n\n\n\n<p>Alle einheimischen Aconitumarten d\u00fcrfen in Deutschland zum Sammeln f\u00fcr den Handel oder f\u00fcr gewerbliche Zwecke nicht freigegeben werden.<\/p>\n\n\n\n<p>Siehe auch <em>https:\/\/www.henriettes-herb.com\/eclectic\/madaus\/aconitum.html<\/em><\/p>\n","protected":false},"excerpt":{"rendered":"<p>Der Eisenhut, wissenschaftlich als Aconitum bekannt, ist eine Gattung von Pflanzen, die in Europa und Asien heimisch ist. Diese Pflanzen sind f\u00fcr ihre attraktiven Bl\u00fcten und ihre extreme Giftigkeit bekannt. Der Blaue Eisenhut ist eine stattliche Pflanze, die bis 1,50 m hoch wird. Die Wurzel ist schw\u00e4rzlich, fleischig und r\u00fcbenartig. Die Bl\u00fcten bilden eine dichte, [&hellip;]<\/p>\n","protected":false},"author":1,"featured_media":0,"parent":14,"menu_order":0,"comment_status":"closed","ping_status":"closed","template":"","meta":{"footnotes":""},"class_list":["post-760","page","type-page","status-publish","hentry"],"jetpack_sharing_enabled":true,"_links":{"self":[{"href":"https:\/\/www.wiprechtsgarten.de\/index.php\/wp-json\/wp\/v2\/pages\/760","targetHints":{"allow":["GET"]}}],"collection":[{"href":"https:\/\/www.wiprechtsgarten.de\/index.php\/wp-json\/wp\/v2\/pages"}],"about":[{"href":"https:\/\/www.wiprechtsgarten.de\/index.php\/wp-json\/wp\/v2\/types\/page"}],"author":[{"embeddable":true,"href":"https:\/\/www.wiprechtsgarten.de\/index.php\/wp-json\/wp\/v2\/users\/1"}],"replies":[{"embeddable":true,"href":"https:\/\/www.wiprechtsgarten.de\/index.php\/wp-json\/wp\/v2\/comments?post=760"}],"version-history":[{"count":2,"href":"https:\/\/www.wiprechtsgarten.de\/index.php\/wp-json\/wp\/v2\/pages\/760\/revisions"}],"predecessor-version":[{"id":765,"href":"https:\/\/www.wiprechtsgarten.de\/index.php\/wp-json\/wp\/v2\/pages\/760\/revisions\/765"}],"up":[{"embeddable":true,"href":"https:\/\/www.wiprechtsgarten.de\/index.php\/wp-json\/wp\/v2\/pages\/14"}],"wp:attachment":[{"href":"https:\/\/www.wiprechtsgarten.de\/index.php\/wp-json\/wp\/v2\/media?parent=760"}],"curies":[{"name":"wp","href":"https:\/\/api.w.org\/{rel}","templated":true}]}}