{"id":706,"date":"2023-06-09T14:58:58","date_gmt":"2023-06-09T14:58:58","guid":{"rendered":"https:\/\/www.wiprechtsgarten.de\/?page_id=706"},"modified":"2023-09-16T23:27:35","modified_gmt":"2023-09-16T23:27:35","slug":"1900-bis-in-die-sechziger-jahre","status":"publish","type":"page","link":"https:\/\/www.wiprechtsgarten.de\/index.php\/elementor-660\/1900-bis-in-die-sechziger-jahre\/","title":{"rendered":"1900 bis in die sechziger Jahre"},"content":{"rendered":"\n<figure class=\"wp-block-image alignleft size-full\"><img loading=\"lazy\" decoding=\"async\" width=\"400\" height=\"395\" src=\"https:\/\/www.wiprechtsgarten.de\/wp-content\/uploads\/2023\/06\/Plfanzennachrichten8.png\" alt=\"\" class=\"wp-image-708\" srcset=\"https:\/\/www.wiprechtsgarten.de\/wp-content\/uploads\/2023\/06\/Plfanzennachrichten8.png 400w, https:\/\/www.wiprechtsgarten.de\/wp-content\/uploads\/2023\/06\/Plfanzennachrichten8-100x100.png 100w, https:\/\/www.wiprechtsgarten.de\/wp-content\/uploads\/2023\/06\/Plfanzennachrichten8-300x296.png 300w\" sizes=\"auto, (max-width: 400px) 100vw, 400px\" \/><\/figure>\n\n\n\n<p>In den zwanziger Jahren beginnen sich die Tomaten \u00fcberall einzub\u00fcrgern. Mehrere Pflanzenarten verlieren an Bedeutung, wie der R\u00fcbsen als \u00d6lfrucht, weil der Raps durch Z\u00fcchtung erheblich verbessert werden konnte. Der Safloranbau in Th\u00fcringen und in der Pfalz erlischt um etwa 1927. Die Bl\u00fcten dienten nur noch f\u00fcr Malerfarbe, Schminke und zum F\u00e4rben von Lebensmitteln. 1957 ist der letzte, ohnehin nur noch geringe Leinanbau in der Bundesrepublik und 1979 in der Deutschen Demokratischen Republik erloschen. Der Anbau von Hanf und Mohn wurde wegen der Gefahr des Drogenmi\u00dfbrauchs zwischen 1955 und den sechziger Jahren verboten. Sonst herrscht auf den \u00c4ckern und in G\u00e4rten dieselbe Vielfalt wie zuvor.<\/p>\n","protected":false},"excerpt":{"rendered":"<p>In den zwanziger Jahren beginnen sich die Tomaten \u00fcberall einzub\u00fcrgern. Mehrere Pflanzenarten verlieren an Bedeutung, wie der R\u00fcbsen als \u00d6lfrucht, weil der Raps durch Z\u00fcchtung erheblich verbessert werden konnte. Der Safloranbau in Th\u00fcringen und in der Pfalz erlischt um etwa 1927. Die Bl\u00fcten dienten nur noch f\u00fcr Malerfarbe, Schminke und zum F\u00e4rben von Lebensmitteln. 1957 [&hellip;]<\/p>\n","protected":false},"author":1,"featured_media":0,"parent":660,"menu_order":0,"comment_status":"closed","ping_status":"closed","template":"","meta":{"footnotes":""},"class_list":["post-706","page","type-page","status-publish","hentry"],"jetpack_sharing_enabled":true,"_links":{"self":[{"href":"https:\/\/www.wiprechtsgarten.de\/index.php\/wp-json\/wp\/v2\/pages\/706","targetHints":{"allow":["GET"]}}],"collection":[{"href":"https:\/\/www.wiprechtsgarten.de\/index.php\/wp-json\/wp\/v2\/pages"}],"about":[{"href":"https:\/\/www.wiprechtsgarten.de\/index.php\/wp-json\/wp\/v2\/types\/page"}],"author":[{"embeddable":true,"href":"https:\/\/www.wiprechtsgarten.de\/index.php\/wp-json\/wp\/v2\/users\/1"}],"replies":[{"embeddable":true,"href":"https:\/\/www.wiprechtsgarten.de\/index.php\/wp-json\/wp\/v2\/comments?post=706"}],"version-history":[{"count":1,"href":"https:\/\/www.wiprechtsgarten.de\/index.php\/wp-json\/wp\/v2\/pages\/706\/revisions"}],"predecessor-version":[{"id":712,"href":"https:\/\/www.wiprechtsgarten.de\/index.php\/wp-json\/wp\/v2\/pages\/706\/revisions\/712"}],"up":[{"embeddable":true,"href":"https:\/\/www.wiprechtsgarten.de\/index.php\/wp-json\/wp\/v2\/pages\/660"}],"wp:attachment":[{"href":"https:\/\/www.wiprechtsgarten.de\/index.php\/wp-json\/wp\/v2\/media?parent=706"}],"curies":[{"name":"wp","href":"https:\/\/api.w.org\/{rel}","templated":true}]}}