{"id":54,"date":"2023-01-29T16:28:02","date_gmt":"2023-01-29T16:28:02","guid":{"rendered":"https:\/\/www.wiprechtsgarten.de\/?page_id=54"},"modified":"2023-02-07T10:55:46","modified_gmt":"2023-02-07T10:55:46","slug":"kraeuter-bei-der-friedhofsgaertnerei-klemm","status":"publish","type":"page","link":"https:\/\/www.wiprechtsgarten.de\/index.php\/teilnehmende-gaerten\/kraeuter-bei-der-friedhofsgaertnerei-klemm\/","title":{"rendered":"Kr\u00e4uter bei der Friedhofsg\u00e4rtnerei Klemm"},"content":{"rendered":"\r\n<p>Viele G\u00e4rtner verschrieben sich weniger der Nutzgartenkunst als den Gew\u00e4chsen und den ihnen innewohnenden Heilkr\u00e4ften. Der <strong>Kr\u00e4utergarten<\/strong> findet sich in vielen Formen im Garten wieder. Einerseits im Lustgarten f\u00fcr die Bet\u00f6rung der Sinne andererseits als Nutzgarten am Kloster. Die Grenzen zwischen Zier- und Heilpflanze verschwimmen hier, so zum Beispiel bei der Schl\u00fcsselblume, dem Eisenhut und der Pfingstrose.<\/p>\r\n\r\n\r\n\r\n<p>In Groitzsch unterst\u00fctzt uns die G\u00e4rtnerei Klemm mit einem Beet von 14 Metern l\u00e4nge, auf dem sie Kr\u00e4uter anpflanzt, die zu Wiprechts Zeiten gebr\u00e4uchlich waren.<\/p>\r\n\r\n\r\n\r\n<p>Wir halten uns im Aufbau des ersten Kr\u00e4uterbeets an die Capitularien Karls des Gro\u00dfen. Dieser bestimmte f\u00fcr alle seine Reichsg\u00fcter eine einheitliche Bepflanzung mit unterschiedlichen Pflanzen. Diese geh\u00f6ren nicht alle in die Kategorie der Kr\u00e4uter, und sind auch nicht alle in unseren Breiten heimisch.<\/p>\r\n\r\n\r\n\r\n<p>Da gibt es unter den Abf\u00fchrmitteln (Laxantien) z.B. die Gurke, Melone, Flaschenk\u00fcrbis, Helmbohne, Kreuzk\u00fcmmel, Rosmarin und K\u00fcmmel.<\/p>\r\n\r\n\r\n\r\n<p>Bei den entw\u00e4ssernde Medikamenten (Diuretika) sind es Kichererbsen, Meerzwiebeln, Saat-Siegwurz, Wiesenkn\u00f6terich, Anis, Koloquinte und Sonnenwende.<\/p>\r\n\r\n\r\n\r\n<p>Bei den Beruhigungsmitteln (Sedativa) sind es Ammei, Berg-Laserkraut, Salat, Schwarzk\u00fcmmel, Raukenkohl, Echte Brunnenkresse und Klette.<\/p>\r\n\r\n\r\n\r\n<p>Bei den Kr\u00e4utern gegen Beschwerden bei periodisch wiederkehrende Blutung aus der Geb\u00e4rmutter (Menstruation) sind es z.B. die Polei, der Erzengelwurz (die schwarze Wurzel = olisatum, schmeckt nach Ingwer), Petersilie, Sellerie, und der Mutterwurz.<\/p>\r\n\r\n\r\n\r\n<p>Diese bilden den ersten Stamm unseres Kr\u00e4uterbeetes.<\/p>\r\n","protected":false},"excerpt":{"rendered":"<p>Viele G\u00e4rtner verschrieben sich weniger der Nutzgartenkunst als den Gew\u00e4chsen und den ihnen innewohnenden Heilkr\u00e4ften. Der Kr\u00e4utergarten findet sich in vielen Formen im Garten wieder. Einerseits im Lustgarten f\u00fcr die Bet\u00f6rung der Sinne andererseits als Nutzgarten am Kloster. Die Grenzen zwischen Zier- und Heilpflanze verschwimmen hier, so zum Beispiel bei der Schl\u00fcsselblume, dem Eisenhut und [&hellip;]<\/p>\n","protected":false},"author":1,"featured_media":0,"parent":35,"menu_order":0,"comment_status":"closed","ping_status":"closed","template":"","meta":{"footnotes":""},"class_list":["post-54","page","type-page","status-publish","hentry"],"jetpack_sharing_enabled":true,"_links":{"self":[{"href":"https:\/\/www.wiprechtsgarten.de\/index.php\/wp-json\/wp\/v2\/pages\/54","targetHints":{"allow":["GET"]}}],"collection":[{"href":"https:\/\/www.wiprechtsgarten.de\/index.php\/wp-json\/wp\/v2\/pages"}],"about":[{"href":"https:\/\/www.wiprechtsgarten.de\/index.php\/wp-json\/wp\/v2\/types\/page"}],"author":[{"embeddable":true,"href":"https:\/\/www.wiprechtsgarten.de\/index.php\/wp-json\/wp\/v2\/users\/1"}],"replies":[{"embeddable":true,"href":"https:\/\/www.wiprechtsgarten.de\/index.php\/wp-json\/wp\/v2\/comments?post=54"}],"version-history":[{"count":4,"href":"https:\/\/www.wiprechtsgarten.de\/index.php\/wp-json\/wp\/v2\/pages\/54\/revisions"}],"predecessor-version":[{"id":115,"href":"https:\/\/www.wiprechtsgarten.de\/index.php\/wp-json\/wp\/v2\/pages\/54\/revisions\/115"}],"up":[{"embeddable":true,"href":"https:\/\/www.wiprechtsgarten.de\/index.php\/wp-json\/wp\/v2\/pages\/35"}],"wp:attachment":[{"href":"https:\/\/www.wiprechtsgarten.de\/index.php\/wp-json\/wp\/v2\/media?parent=54"}],"curies":[{"name":"wp","href":"https:\/\/api.w.org\/{rel}","templated":true}]}}