{"id":45,"date":"2023-01-28T19:17:07","date_gmt":"2023-01-28T19:17:07","guid":{"rendered":"https:\/\/www.wiprechtsgarten.de\/?page_id=45"},"modified":"2023-01-28T20:04:54","modified_gmt":"2023-01-28T20:04:54","slug":"weinberg-an-der-burg","status":"publish","type":"page","link":"https:\/\/www.wiprechtsgarten.de\/index.php\/teilnehmende-gaerten\/weinberg-an-der-burg\/","title":{"rendered":"Weinberg an der Burg"},"content":{"rendered":"\n<p>Weinfreunde &#8211; Hobbywinzer pflegen den Weinberg an der Wiprechtsburg\u00a0und treffen sich jeden 3. Freitag im Monat\u00a0ab 19:00 Uhr im Weinkeller der Stadtm\u00fchle!<\/p>\n\n\n\n<p>Schau\u2018n Sie auf einen Schoppen vorbei!<\/p>\n\n\n\n<p>Neben den g\u00e4rtnerischen Arbeiten direkt am&nbsp;Weinberg (Besonderheit: Querterrassen),&nbsp;wie Rebschnitt mit Wahl der Erziehungsfomen, \u00fcber Laubarbeiten, Rebenschutz und nat\u00fcrlich&nbsp;auch die Weinlese, stehen Sektionsabende mit&nbsp;Weinverkostung im gem\u00fctlichen Weinkeller&nbsp;der Groitzscher Stadtm\u00fchle im Mittelpunkt&nbsp;der Weinfreunde.<\/p>\n\n\n\n<p>Die Sektion ist besonders stolz auf ihren&nbsp;selbst gekelterten Groitzscher Wein, welcher&nbsp;dabei verkostet wird! <\/p>\n\n\n\n<p>Wir freuen uns \u00fcber Interessenten&nbsp;und laden diese zu unseren Sektionsabenden&nbsp;und Veranstaltungen herzlichst ein.<\/p>\n\n\n\n<p>Kontakt:<\/p>\n\n\n\n<p>Kerstin Schneiderheinze &amp;&nbsp;<\/p>\n\n\n\n<p>Udo Killmey<\/p>\n\n\n\n<p>Tel.: 01522-3006366<\/p>\n\n\n\n<p><a href=\"https:\/\/www.groitzsch-buergerverein.de\/hobbywinzer\/\">https:\/\/www.groitzsch-buergerverein.de\/hobbywinzer\/<\/a><\/p>\n","protected":false},"excerpt":{"rendered":"<p>Weinfreunde &#8211; Hobbywinzer pflegen den Weinberg an der Wiprechtsburg\u00a0und treffen sich jeden 3. Freitag im Monat\u00a0ab 19:00 Uhr im Weinkeller der Stadtm\u00fchle! Schau\u2018n Sie auf einen Schoppen vorbei! Neben den g\u00e4rtnerischen Arbeiten direkt am&nbsp;Weinberg (Besonderheit: Querterrassen),&nbsp;wie Rebschnitt mit Wahl der Erziehungsfomen, \u00fcber Laubarbeiten, Rebenschutz und nat\u00fcrlich&nbsp;auch die Weinlese, stehen Sektionsabende mit&nbsp;Weinverkostung im gem\u00fctlichen Weinkeller&nbsp;der Groitzscher [&hellip;]<\/p>\n","protected":false},"author":1,"featured_media":0,"parent":35,"menu_order":0,"comment_status":"closed","ping_status":"closed","template":"","meta":{"footnotes":""},"class_list":["post-45","page","type-page","status-publish","hentry"],"jetpack_sharing_enabled":true,"_links":{"self":[{"href":"https:\/\/www.wiprechtsgarten.de\/index.php\/wp-json\/wp\/v2\/pages\/45","targetHints":{"allow":["GET"]}}],"collection":[{"href":"https:\/\/www.wiprechtsgarten.de\/index.php\/wp-json\/wp\/v2\/pages"}],"about":[{"href":"https:\/\/www.wiprechtsgarten.de\/index.php\/wp-json\/wp\/v2\/types\/page"}],"author":[{"embeddable":true,"href":"https:\/\/www.wiprechtsgarten.de\/index.php\/wp-json\/wp\/v2\/users\/1"}],"replies":[{"embeddable":true,"href":"https:\/\/www.wiprechtsgarten.de\/index.php\/wp-json\/wp\/v2\/comments?post=45"}],"version-history":[{"count":2,"href":"https:\/\/www.wiprechtsgarten.de\/index.php\/wp-json\/wp\/v2\/pages\/45\/revisions"}],"predecessor-version":[{"id":52,"href":"https:\/\/www.wiprechtsgarten.de\/index.php\/wp-json\/wp\/v2\/pages\/45\/revisions\/52"}],"up":[{"embeddable":true,"href":"https:\/\/www.wiprechtsgarten.de\/index.php\/wp-json\/wp\/v2\/pages\/35"}],"wp:attachment":[{"href":"https:\/\/www.wiprechtsgarten.de\/index.php\/wp-json\/wp\/v2\/media?parent=45"}],"curies":[{"name":"wp","href":"https:\/\/api.w.org\/{rel}","templated":true}]}}