{"id":37,"date":"2023-01-27T20:59:32","date_gmt":"2023-01-27T20:59:32","guid":{"rendered":"https:\/\/www.wiprechtsgarten.de\/?page_id=37"},"modified":"2023-01-28T18:04:11","modified_gmt":"2023-01-28T18:04:11","slug":"schmetterlingsgarten-im-kgv-frosch","status":"publish","type":"page","link":"https:\/\/www.wiprechtsgarten.de\/index.php\/teilnehmende-gaerten\/schmetterlingsgarten-im-kgv-frosch\/","title":{"rendered":"Schmetterlingsgarten im KGV &#8222;Frosch&#8220;"},"content":{"rendered":"\n<p>Der Schmetterlingsgarten soll in einen Rosenhaag und einen Strauchgarten umgewandelt werden. Die schon im 12. Jahrhundert \u00fcblichen Stachelbeeren sowie alte Kletterrosenarten werden die schon bestehende Pergola versch\u00f6nern. <\/p>\n\n\n\n<p>Stachelbeeren sind eine der \u00e4ltesten Straucharten und von Europa bis in die ferne Mandschurei verbreitet. Sie wachsen von der Ebene bis hinein in die Berge an Wegen und Waldr\u00e4ndern auf kalk- und stickstoffreichen B\u00f6den.  Ihre Beeren werden genutzt f\u00fcr Kompott, Gelee und Fruchtsaft.<\/p>\n\n\n\n<p>Der Rosenhag ist am prominentesten vertreten beim Bild der Madonna im Rosenhag von Stefan Lochner. Dieses wurde unz\u00e4hlige Male kopiert.<\/p>\n\n\n\n<div class=\"wp-block-media-text alignwide is-stacked-on-mobile is-style-rounded\" style=\"grid-template-columns:46% auto\"><figure class=\"wp-block-media-text__media\"><img loading=\"lazy\" decoding=\"async\" width=\"327\" height=\"480\" src=\"https:\/\/www.wiprechtsgarten.de\/wp-content\/uploads\/2023\/01\/327px-Copie_de_la_Vierge_au_buisson_de_roses_Schongauer.jpeg\" alt=\"\" class=\"wp-image-38 size-full\" srcset=\"https:\/\/www.wiprechtsgarten.de\/wp-content\/uploads\/2023\/01\/327px-Copie_de_la_Vierge_au_buisson_de_roses_Schongauer.jpeg 327w, https:\/\/www.wiprechtsgarten.de\/wp-content\/uploads\/2023\/01\/327px-Copie_de_la_Vierge_au_buisson_de_roses_Schongauer-204x300.jpeg 204w\" sizes=\"auto, (max-width: 327px) 100vw, 327px\" \/><\/figure><div class=\"wp-block-media-text__content\">\n<p class=\"has-text-color\" style=\"color:#20767b\">Die Vielfalt innerhalb der Pflanzengattung der Rosen (Rosa), urspr\u00fcnglich nur auf der Nordhalbkugel heimisch, ist immens. Die K\u00f6nigin der Blumen wird seit langer Zeit gez\u00fcchtet. Verschiedenste Farben, Bl\u00fctenf\u00fcllungen und Wuchsformen sind seither entstanden. Die pr\u00e4chtigen und oft duftenden Bl\u00fcten sind zwitterbl\u00fctig und besitzen bis zu 200 Staubbl\u00e4tter. Durch Z\u00fcchtung wurden diese Staubbl\u00e4tter bei vielen Sorten in farbige Kronbl\u00e4tter umgewandelt. So entstanden gef\u00fcllte Bl\u00fcten, die als sehr dekorativ und damit als gut verk\u00e4uflich galten. Allerdings fehlen in diesen Bl\u00fcten die Pollen f\u00fcr die Insekten, die in unserer mittlerweile bl\u00fctenarmen Umwelt zunehmend keine Nahrung mehr finden. Selten produzieren die Bl\u00fcten Nektar. Dadurch sind etliche Insekten von der Best\u00e4ubung ausgeschlossen, nur pollensammelnde Insekten, wie einige Gruppen von K\u00e4fern, Bienen und vor allem Fliegen, sind f\u00fcr die Best\u00e4ubung der Rosen vorgesehen. Aus einer best\u00e4ubten Rosenbl\u00fcte entsteht eine Hagebutte, die als Sammelnussfrucht bezeichnet wird. Der Bl\u00fctenboden w\u00e4chst hierbei um einzelne N\u00fcsschen herum und bildet dann die Hagebutte. Diese f\u00e4rbt sich mit der Reife orange-rot und bleibt auch nach dem Laubabwurf am Strauch, was sie zu einer beliebten Herbstdekoration macht. Ihr Achsenbecher ist reich an Vitamin C und wird f\u00fcr die Herstellung von Marmelade, Wein und Tee verwendet, die einen sehr eigenen, s\u00fc\u00df-s\u00e4uerlichen Geschmack haben. Hagebuttenprodukte werden gegen Erk\u00e4ltungskrankheiten, Darmerkrankungen, Gallenleiden, sogar Gicht und Rheuma eingesetzt. (Nach Thea Lautenschl\u00e4ger: &#8222;Die Rose&#8220;. In Balsambeet und Rosenhag. 2016)<\/p>\n<\/div><\/div>\n\n\n\n<p><\/p>\n","protected":false},"excerpt":{"rendered":"<p>Der Schmetterlingsgarten soll in einen Rosenhaag und einen Strauchgarten umgewandelt werden. Die schon im 12. Jahrhundert \u00fcblichen Stachelbeeren sowie alte Kletterrosenarten werden die schon bestehende Pergola versch\u00f6nern. Stachelbeeren sind eine der \u00e4ltesten Straucharten und von Europa bis in die ferne Mandschurei verbreitet. Sie wachsen von der Ebene bis hinein in die Berge an Wegen und [&hellip;]<\/p>\n","protected":false},"author":1,"featured_media":0,"parent":35,"menu_order":0,"comment_status":"closed","ping_status":"closed","template":"","meta":{"footnotes":""},"class_list":["post-37","page","type-page","status-publish","hentry"],"jetpack_sharing_enabled":true,"_links":{"self":[{"href":"https:\/\/www.wiprechtsgarten.de\/index.php\/wp-json\/wp\/v2\/pages\/37","targetHints":{"allow":["GET"]}}],"collection":[{"href":"https:\/\/www.wiprechtsgarten.de\/index.php\/wp-json\/wp\/v2\/pages"}],"about":[{"href":"https:\/\/www.wiprechtsgarten.de\/index.php\/wp-json\/wp\/v2\/types\/page"}],"author":[{"embeddable":true,"href":"https:\/\/www.wiprechtsgarten.de\/index.php\/wp-json\/wp\/v2\/users\/1"}],"replies":[{"embeddable":true,"href":"https:\/\/www.wiprechtsgarten.de\/index.php\/wp-json\/wp\/v2\/comments?post=37"}],"version-history":[{"count":4,"href":"https:\/\/www.wiprechtsgarten.de\/index.php\/wp-json\/wp\/v2\/pages\/37\/revisions"}],"predecessor-version":[{"id":44,"href":"https:\/\/www.wiprechtsgarten.de\/index.php\/wp-json\/wp\/v2\/pages\/37\/revisions\/44"}],"up":[{"embeddable":true,"href":"https:\/\/www.wiprechtsgarten.de\/index.php\/wp-json\/wp\/v2\/pages\/35"}],"wp:attachment":[{"href":"https:\/\/www.wiprechtsgarten.de\/index.php\/wp-json\/wp\/v2\/media?parent=37"}],"curies":[{"name":"wp","href":"https:\/\/api.w.org\/{rel}","templated":true}]}}