{"id":35,"date":"2023-01-27T17:20:10","date_gmt":"2023-01-27T17:20:10","guid":{"rendered":"https:\/\/www.wiprechtsgarten.de\/?page_id=35"},"modified":"2023-01-31T09:56:02","modified_gmt":"2023-01-31T09:56:02","slug":"teilnehmende-gaerten","status":"publish","type":"page","link":"https:\/\/www.wiprechtsgarten.de\/index.php\/teilnehmende-gaerten\/","title":{"rendered":"Teilnehmende G\u00e4rten"},"content":{"rendered":"<p><iframe loading=\"lazy\" src=\"http:\/\/wiprechtsgarten.de\/qgis2web_2023_01_31-10_45_41_098067\/index.html\" allow=\"fullscreen\" width=\"800\" height=\"800\"><\/iframe><\/p>\n\n\n\n<figure class=\"wp-block-embed is-type-wp-embed is-provider-gartnern-wie-zu-wiprechts-zeiten wp-block-embed-gartnern-wie-zu-wiprechts-zeiten\"><div class=\"wp-block-embed__wrapper\">\n<blockquote class=\"wp-embedded-content\" data-secret=\"5iLPkvOT3a\"><a href=\"https:\/\/www.wiprechtsgarten.de\/index.php\/teilnehmende-gaerten\/schmetterlingsgarten-im-kgv-frosch\/\">Schmetterlingsgarten im KGV &#8222;Frosch&#8220;<\/a><\/blockquote><iframe loading=\"lazy\" class=\"wp-embedded-content\" sandbox=\"allow-scripts\" security=\"restricted\" style=\"position: absolute; clip: rect(1px, 1px, 1px, 1px);\" title=\"&#8222;Schmetterlingsgarten im KGV &#8222;Frosch&#8220;&#8220; &#8212; G\u00e4rtnern wie zu Wiprechts Zeiten\" src=\"https:\/\/www.wiprechtsgarten.de\/index.php\/teilnehmende-gaerten\/schmetterlingsgarten-im-kgv-frosch\/embed\/#?secret=4hWDGC3w9K#?secret=5iLPkvOT3a\" data-secret=\"5iLPkvOT3a\" width=\"500\" height=\"282\" frameborder=\"0\" marginwidth=\"0\" marginheight=\"0\" scrolling=\"no\"><\/iframe>\n<\/div><\/figure>\n\n\n\n<figure class=\"wp-block-embed is-type-wp-embed is-provider-gartnern-wie-zu-wiprechts-zeiten wp-block-embed-gartnern-wie-zu-wiprechts-zeiten\"><div class=\"wp-block-embed__wrapper\">\n<blockquote class=\"wp-embedded-content\" data-secret=\"BrJcM4yKbo\"><a href=\"https:\/\/www.wiprechtsgarten.de\/index.php\/teilnehmende-gaerten\/weinberg-an-der-burg\/\">Weinberg an der Burg<\/a><\/blockquote><iframe loading=\"lazy\" class=\"wp-embedded-content\" sandbox=\"allow-scripts\" security=\"restricted\" style=\"position: absolute; clip: rect(1px, 1px, 1px, 1px);\" title=\"&#8222;Weinberg an der Burg&#8220; &#8212; G\u00e4rtnern wie zu Wiprechts Zeiten\" src=\"https:\/\/www.wiprechtsgarten.de\/index.php\/teilnehmende-gaerten\/weinberg-an-der-burg\/embed\/#?secret=zcZiezlEb8#?secret=BrJcM4yKbo\" data-secret=\"BrJcM4yKbo\" width=\"500\" height=\"282\" frameborder=\"0\" marginwidth=\"0\" marginheight=\"0\" scrolling=\"no\"><\/iframe>\n<\/div><\/figure>\n\n\n\n<figure class=\"wp-block-embed is-type-wp-embed is-provider-gartnern-wie-zu-wiprechts-zeiten wp-block-embed-gartnern-wie-zu-wiprechts-zeiten\"><div class=\"wp-block-embed__wrapper\">\n<blockquote class=\"wp-embedded-content\" data-secret=\"PA8keKgrlv\"><a href=\"https:\/\/www.wiprechtsgarten.de\/index.php\/teilnehmende-gaerten\/wildgehege-profen\/\">Wildgehege Profen<\/a><\/blockquote><iframe loading=\"lazy\" class=\"wp-embedded-content\" sandbox=\"allow-scripts\" security=\"restricted\" style=\"position: absolute; clip: rect(1px, 1px, 1px, 1px);\" title=\"&#8222;Wildgehege Profen&#8220; &#8212; G\u00e4rtnern wie zu Wiprechts Zeiten\" src=\"https:\/\/www.wiprechtsgarten.de\/index.php\/teilnehmende-gaerten\/wildgehege-profen\/embed\/#?secret=XvoE82nEry#?secret=PA8keKgrlv\" data-secret=\"PA8keKgrlv\" width=\"500\" height=\"282\" frameborder=\"0\" marginwidth=\"0\" marginheight=\"0\" scrolling=\"no\"><\/iframe>\n<\/div><\/figure>\n\n\n\n<figure class=\"wp-block-embed is-type-wp-embed is-provider-gartnern-wie-zu-wiprechts-zeiten wp-block-embed-gartnern-wie-zu-wiprechts-zeiten\"><div class=\"wp-block-embed__wrapper\">\n<blockquote class=\"wp-embedded-content\" data-secret=\"UG2g4EL71j\"><a href=\"https:\/\/www.wiprechtsgarten.de\/index.php\/teilnehmende-gaerten\/kraeuter-bei-der-friedhofsgaertnerei-klemm\/\">Kr\u00e4uter bei der Friedhofsg\u00e4rtnerei Klemm<\/a><\/blockquote><iframe loading=\"lazy\" class=\"wp-embedded-content\" sandbox=\"allow-scripts\" security=\"restricted\" style=\"position: absolute; clip: rect(1px, 1px, 1px, 1px);\" title=\"&#8222;Kr\u00e4uter bei der Friedhofsg\u00e4rtnerei Klemm&#8220; &#8212; G\u00e4rtnern wie zu Wiprechts Zeiten\" src=\"https:\/\/www.wiprechtsgarten.de\/index.php\/teilnehmende-gaerten\/kraeuter-bei-der-friedhofsgaertnerei-klemm\/embed\/#?secret=tLhJMxIxZu#?secret=UG2g4EL71j\" data-secret=\"UG2g4EL71j\" width=\"500\" height=\"282\" frameborder=\"0\" marginwidth=\"0\" marginheight=\"0\" scrolling=\"no\"><\/iframe>\n<\/div><\/figure>\n","protected":false},"excerpt":{"rendered":"","protected":false},"author":1,"featured_media":0,"parent":0,"menu_order":1,"comment_status":"closed","ping_status":"closed","template":"","meta":{"footnotes":""},"class_list":["post-35","page","type-page","status-publish","hentry"],"jetpack_sharing_enabled":true,"_links":{"self":[{"href":"https:\/\/www.wiprechtsgarten.de\/index.php\/wp-json\/wp\/v2\/pages\/35","targetHints":{"allow":["GET"]}}],"collection":[{"href":"https:\/\/www.wiprechtsgarten.de\/index.php\/wp-json\/wp\/v2\/pages"}],"about":[{"href":"https:\/\/www.wiprechtsgarten.de\/index.php\/wp-json\/wp\/v2\/types\/page"}],"author":[{"embeddable":true,"href":"https:\/\/www.wiprechtsgarten.de\/index.php\/wp-json\/wp\/v2\/users\/1"}],"replies":[{"embeddable":true,"href":"https:\/\/www.wiprechtsgarten.de\/index.php\/wp-json\/wp\/v2\/comments?post=35"}],"version-history":[{"count":13,"href":"https:\/\/www.wiprechtsgarten.de\/index.php\/wp-json\/wp\/v2\/pages\/35\/revisions"}],"predecessor-version":[{"id":92,"href":"https:\/\/www.wiprechtsgarten.de\/index.php\/wp-json\/wp\/v2\/pages\/35\/revisions\/92"}],"wp:attachment":[{"href":"https:\/\/www.wiprechtsgarten.de\/index.php\/wp-json\/wp\/v2\/media?parent=35"}],"curies":[{"name":"wp","href":"https:\/\/api.w.org\/{rel}","templated":true}]}}