{"id":275,"date":"2023-05-31T08:22:10","date_gmt":"2023-05-31T08:22:10","guid":{"rendered":"https:\/\/www.wiprechtsgarten.de\/?page_id=275"},"modified":"2023-05-31T13:02:27","modified_gmt":"2023-05-31T13:02:27","slug":"dachwurz","status":"publish","type":"page","link":"https:\/\/www.wiprechtsgarten.de\/index.php\/pflanzenlisten\/zierpflanzen\/dachwurz\/","title":{"rendered":"Dachwurz"},"content":{"rendered":"\n<figure class=\"wp-block-image alignleft size-full\"><img loading=\"lazy\" decoding=\"async\" width=\"359\" height=\"481\" src=\"https:\/\/www.wiprechtsgarten.de\/wp-content\/uploads\/2023\/05\/359px-Johannes_Hartlieb_Kraeuterbuch_Hauswurz_1470.jpeg\" alt=\"\" class=\"wp-image-278\" srcset=\"https:\/\/www.wiprechtsgarten.de\/wp-content\/uploads\/2023\/05\/359px-Johannes_Hartlieb_Kraeuterbuch_Hauswurz_1470.jpeg 359w, https:\/\/www.wiprechtsgarten.de\/wp-content\/uploads\/2023\/05\/359px-Johannes_Hartlieb_Kraeuterbuch_Hauswurz_1470-224x300.jpeg 224w\" sizes=\"auto, (max-width: 359px) 100vw, 359px\" \/><figcaption class=\"wp-element-caption\">Abbildung aus einer Abschrift von <a href=\"https:\/\/de.wikipedia.org\/wiki\/Johannes_Hartlieb\">Johannes Hartliebs<\/a> <em>Kr\u00e4uterbuch<\/em>, um 1470<\/figcaption><\/figure>\n\n\n\n<p>Die Dach-Hauswurz ist eine alte Heil-, Zauber- und Zierpflanze, die in verschiedenen europ\u00e4ischen Sprachen zahlreiche volkst\u00fcmliche Bezeichnungen hat. Insbesondere im Deutschen gibt es viele Trivialnamen wie Dachkraut, Dachlauch, Dachwurz und andere. Karl der Gro\u00dfe ordnete in seiner Landg\u00fcterverordnung an, dass jeder G\u00e4rtner auf seinem Dach &#8222;Jupiterbart&#8220; haben sollte, da man glaubte, dass die Pflanze vor Blitzschlag sch\u00fctzen k\u00f6nne. Dieser Glaube beruhte auf der Vorstellung, dass mit Hauswurz bepflanzte D\u00e4cher weniger leicht entflammbar waren und sie zudem D\u00e4cher und Lehmdecken sch\u00fctzten. Bei herannahendem Gewitter verbrannte man zus\u00e4tzlich Bl\u00e4tter im Ofen, die am Johannistag gepfl\u00fcckt wurden, um Unheil abzuwehren. In der Schweiz wurde die Hauswurz als Zauberpflanze verwendet, um Hexen fernzuhalten und Vieh vor Seuchen zu sch\u00fctzen. Es gab auch Aberglauben bez\u00fcglich der Bl\u00fcte der Hauswurz und ihrer Auswirkungen auf das Gl\u00fcck oder Ungl\u00fcck eines Hauses. In alten Texten finden sich auch Verwendungen der Hauswurz in Heilmitteln. Es wurde geglaubt, dass der Saft der Hauswurz die Haut versch\u00f6nert und Sommersprossen vertreibt. Ein Gemisch aus Hauswurzsaft, Gummi, rotem Arsenik und Alaun wurde verwendet, um unter seinem Schutz gl\u00fchendes Eisen anzufassen. Hildegard von Bingen erw\u00e4hnte auch verschiedene Verwendungsm\u00f6glichkeiten der Hauswurz f\u00fcr Begierde, Zeugungsunf\u00e4higkeit und Taubheit.<\/p>\n","protected":false},"excerpt":{"rendered":"<p>Die Dach-Hauswurz ist eine alte Heil-, Zauber- und Zierpflanze, die in verschiedenen europ\u00e4ischen Sprachen zahlreiche volkst\u00fcmliche Bezeichnungen hat. Insbesondere im Deutschen gibt es viele Trivialnamen wie Dachkraut, Dachlauch, Dachwurz und andere. Karl der Gro\u00dfe ordnete in seiner Landg\u00fcterverordnung an, dass jeder G\u00e4rtner auf seinem Dach &#8222;Jupiterbart&#8220; haben sollte, da man glaubte, dass die Pflanze vor [&hellip;]<\/p>\n","protected":false},"author":1,"featured_media":0,"parent":14,"menu_order":0,"comment_status":"closed","ping_status":"closed","template":"","meta":{"footnotes":""},"class_list":["post-275","page","type-page","status-publish","hentry"],"jetpack_sharing_enabled":true,"_links":{"self":[{"href":"https:\/\/www.wiprechtsgarten.de\/index.php\/wp-json\/wp\/v2\/pages\/275","targetHints":{"allow":["GET"]}}],"collection":[{"href":"https:\/\/www.wiprechtsgarten.de\/index.php\/wp-json\/wp\/v2\/pages"}],"about":[{"href":"https:\/\/www.wiprechtsgarten.de\/index.php\/wp-json\/wp\/v2\/types\/page"}],"author":[{"embeddable":true,"href":"https:\/\/www.wiprechtsgarten.de\/index.php\/wp-json\/wp\/v2\/users\/1"}],"replies":[{"embeddable":true,"href":"https:\/\/www.wiprechtsgarten.de\/index.php\/wp-json\/wp\/v2\/comments?post=275"}],"version-history":[{"count":2,"href":"https:\/\/www.wiprechtsgarten.de\/index.php\/wp-json\/wp\/v2\/pages\/275\/revisions"}],"predecessor-version":[{"id":280,"href":"https:\/\/www.wiprechtsgarten.de\/index.php\/wp-json\/wp\/v2\/pages\/275\/revisions\/280"}],"up":[{"embeddable":true,"href":"https:\/\/www.wiprechtsgarten.de\/index.php\/wp-json\/wp\/v2\/pages\/14"}],"wp:attachment":[{"href":"https:\/\/www.wiprechtsgarten.de\/index.php\/wp-json\/wp\/v2\/media?parent=275"}],"curies":[{"name":"wp","href":"https:\/\/api.w.org\/{rel}","templated":true}]}}