{"id":252,"date":"2023-05-23T13:51:50","date_gmt":"2023-05-23T13:51:50","guid":{"rendered":"https:\/\/www.wiprechtsgarten.de\/?page_id=252"},"modified":"2023-05-23T13:51:50","modified_gmt":"2023-05-23T13:51:50","slug":"lilie","status":"publish","type":"page","link":"https:\/\/www.wiprechtsgarten.de\/index.php\/pflanzenlisten\/zierpflanzen\/lilie\/","title":{"rendered":"Lilie"},"content":{"rendered":"\n<figure class=\"wp-block-image alignleft size-full\"><img loading=\"lazy\" decoding=\"async\" width=\"494\" height=\"800\" src=\"https:\/\/www.wiprechtsgarten.de\/wp-content\/uploads\/2023\/05\/16901883082_e72a5bc127_c.jpg\" alt=\"\" class=\"wp-image-253\" srcset=\"https:\/\/www.wiprechtsgarten.de\/wp-content\/uploads\/2023\/05\/16901883082_e72a5bc127_c.jpg 494w, https:\/\/www.wiprechtsgarten.de\/wp-content\/uploads\/2023\/05\/16901883082_e72a5bc127_c-185x300.jpg 185w\" sizes=\"auto, (max-width: 494px) 100vw, 494px\" \/><figcaption class=\"wp-element-caption\">Die Lilie nach Edwards\u2019s Botanical Register, Bd. 31: Tafel.1 (1845), Sarah Ann Drake<\/figcaption><\/figure>\n\n\n\n<p>Die Lilie ist in Europa mit deutlicher Tendenz nach S\u00fcden und bis Vorderasien und Mittelrussland verbreitet. Als Standort werden Steppenheiden, (Halb-)Trockenrasen, B\u00f6schungen, Waldr\u00e4nder vorzugsweise auf lockeren, kalkhaltigen B\u00f6den bevorzugt. Die Lilie wird nicht selten als Zierpflanze f\u00fcr Stein-, Natur- und Heideg\u00e4rten genutzt. Sie ist seit sp\u00e4testens dem Mittelalter auch eine Kulturpflanze.<\/p>\n\n\n\n<p>In der franz\u00f6sischen Heraldik ist die Lilie unter dem Namen Fleur-de-Lys bekannt und steht im speziellen Bezug zu Frankreich als das wohl bekannteste Symbol der franz\u00f6sischen Monarchie. Der im hohen Mittelalter aufgekommenen Legende nach wurde die Lilie dem Merowingerk\u00f6nig Chlodwig I. von einem aus dem Himmel herabgestiegenen Engel \u00fcberreicht. Die Lilie steht f\u00fcr Reinheit, Sch\u00f6nheit und Tugendhaftigkeit. Sie wird oft in k\u00f6niglichen und adeligen Wappen verwendet.<\/p>\n\n\n\n<p>Im Christentum hat die Lilie eine vielfache symbolische Bedeutung. Schon vor Maria wurde Susanna im Bade (von hebr\u00e4isch &#8222;Shushan&#8220; = &#8222;die Lilie&#8220;) mit dem Symbol der Lilie dargestellt, um ihre Reinheit zu symbolisieren. Dieses Symbol wurde in der Verehrung Marias \u00fcbernommen und erhielt in der christlichen Formensprache seine heutige Bedeutung als &#8222;Madonnen-Lilie&#8220; und Symbol der Reinheit. Seit dem 14. Jahrhundert tr\u00e4gt auch der Erzengel Gabriel &#8211; insbesondere in Darstellungen der Verk\u00fcndigung &#8211; eine Lilie als Attribut. In seiner Hand symbolisiert die Lilie die immerw\u00e4hrende Jungfr\u00e4ulichkeit Marias und ersetzte das fr\u00fchere Symbol des Zepters als Hauptattribut des Erzengels. Diese Verwendung der Lilie in der christlichen Ikonographie betont die Bedeutung von Reinheit, Jungfr\u00e4ulichkeit und g\u00f6ttlicher Verk\u00fcndigung im christlichen Glauben.<\/p>\n\n\n\n<p>Die Verbindung zwischen der Lilie und der Reinheit ist nicht auf das Christentum beschr\u00e4nkt. Die Lilie wird auch in anderen Kulturen und Religionen als Symbol f\u00fcr Reinheit, Sch\u00f6nheit und Spiritualit\u00e4t betrachtet. In der antiken griechischen Mythologie wurde die Lilie mit der G\u00f6ttin Hera in Verbindung gebracht, die f\u00fcr ihre Reinheit und Weiblichkeit bekannt war. In der \u00e4gyptischen Mythologie war die Lilie ein Symbol f\u00fcr Wiedergeburt und Fruchtbarkeit. Die vielf\u00e4ltige symbolische Bedeutung der Lilie spiegelt sich in ihrer weit verbreiteten Verwendung in Kunst, Literatur und religi\u00f6sen Darstellungen wider.<\/p>\n\n\n\n<p>Die Verwendung der Lilie im Christentum als Symbol f\u00fcr Reinheit und Jungfr\u00e4ulichkeit steht im Einklang mit der Verehrung der Jungfrau Maria, die im katholischen und orthodoxen Glauben eine herausragende Rolle spielt. Die Lilie wird oft in Darstellungen der Maria mit dem Jesuskind verwendet, um ihre Reinheit und ihre Rolle als Mutter Gottes zu betonen. Sie wird auch in Verbindung mit anderen Heiligen und Engeln dargestellt, um deren Tugenden und spirituelle Reinheit zu symbolisieren.<\/p>\n","protected":false},"excerpt":{"rendered":"<p>Die Lilie ist in Europa mit deutlicher Tendenz nach S\u00fcden und bis Vorderasien und Mittelrussland verbreitet. Als Standort werden Steppenheiden, (Halb-)Trockenrasen, B\u00f6schungen, Waldr\u00e4nder vorzugsweise auf lockeren, kalkhaltigen B\u00f6den bevorzugt. Die Lilie wird nicht selten als Zierpflanze f\u00fcr Stein-, Natur- und Heideg\u00e4rten genutzt. Sie ist seit sp\u00e4testens dem Mittelalter auch eine Kulturpflanze. In der franz\u00f6sischen Heraldik [&hellip;]<\/p>\n","protected":false},"author":1,"featured_media":0,"parent":14,"menu_order":0,"comment_status":"closed","ping_status":"closed","template":"","meta":{"footnotes":""},"class_list":["post-252","page","type-page","status-publish","hentry"],"jetpack_sharing_enabled":true,"_links":{"self":[{"href":"https:\/\/www.wiprechtsgarten.de\/index.php\/wp-json\/wp\/v2\/pages\/252","targetHints":{"allow":["GET"]}}],"collection":[{"href":"https:\/\/www.wiprechtsgarten.de\/index.php\/wp-json\/wp\/v2\/pages"}],"about":[{"href":"https:\/\/www.wiprechtsgarten.de\/index.php\/wp-json\/wp\/v2\/types\/page"}],"author":[{"embeddable":true,"href":"https:\/\/www.wiprechtsgarten.de\/index.php\/wp-json\/wp\/v2\/users\/1"}],"replies":[{"embeddable":true,"href":"https:\/\/www.wiprechtsgarten.de\/index.php\/wp-json\/wp\/v2\/comments?post=252"}],"version-history":[{"count":1,"href":"https:\/\/www.wiprechtsgarten.de\/index.php\/wp-json\/wp\/v2\/pages\/252\/revisions"}],"predecessor-version":[{"id":254,"href":"https:\/\/www.wiprechtsgarten.de\/index.php\/wp-json\/wp\/v2\/pages\/252\/revisions\/254"}],"up":[{"embeddable":true,"href":"https:\/\/www.wiprechtsgarten.de\/index.php\/wp-json\/wp\/v2\/pages\/14"}],"wp:attachment":[{"href":"https:\/\/www.wiprechtsgarten.de\/index.php\/wp-json\/wp\/v2\/media?parent=252"}],"curies":[{"name":"wp","href":"https:\/\/api.w.org\/{rel}","templated":true}]}}