{"id":248,"date":"2023-05-23T13:23:42","date_gmt":"2023-05-23T13:23:42","guid":{"rendered":"https:\/\/www.wiprechtsgarten.de\/?page_id=248"},"modified":"2023-05-23T13:54:02","modified_gmt":"2023-05-23T13:54:02","slug":"margerite","status":"publish","type":"page","link":"https:\/\/www.wiprechtsgarten.de\/index.php\/pflanzenlisten\/zierpflanzen\/margerite\/","title":{"rendered":"Margerite"},"content":{"rendered":"\n<figure class=\"wp-block-image alignleft size-large is-resized\"><img loading=\"lazy\" decoding=\"async\" src=\"https:\/\/www.wiprechtsgarten.de\/wp-content\/uploads\/2023\/05\/Ansichtskarte-Groitzsch-Margaretentag-Kuenstlerkarte-1911-656x1024.webp\" alt=\"\" class=\"wp-image-249\" width=\"255\" height=\"397\" srcset=\"https:\/\/www.wiprechtsgarten.de\/wp-content\/uploads\/2023\/05\/Ansichtskarte-Groitzsch-Margaretentag-Kuenstlerkarte-1911-656x1024.webp 656w, https:\/\/www.wiprechtsgarten.de\/wp-content\/uploads\/2023\/05\/Ansichtskarte-Groitzsch-Margaretentag-Kuenstlerkarte-1911-600x936.webp 600w, https:\/\/www.wiprechtsgarten.de\/wp-content\/uploads\/2023\/05\/Ansichtskarte-Groitzsch-Margaretentag-Kuenstlerkarte-1911-192x300.webp 192w, https:\/\/www.wiprechtsgarten.de\/wp-content\/uploads\/2023\/05\/Ansichtskarte-Groitzsch-Margaretentag-Kuenstlerkarte-1911.webp 660w\" sizes=\"auto, (max-width: 255px) 100vw, 255px\" \/><figcaption class=\"wp-element-caption\">Der Margeritentag 1911 in Groitzsch<\/figcaption><\/figure>\n\n\n\n<p>Margeriten sind eine beliebte Zierpflanze, die sowohl als Garten- oder K\u00fcbelpflanzen, als auch als Schnittblumen verkauft wird. Seit Beginn des 20. Jahrhunderts bildeten Margeriten das Thema eines Blumentags. Blumentage waren Festlichkeiten, die einer bestimmten Blume und einem dazu passenden Anliegen gewidmet waren. So wurden am Margeritentag jede Stra\u00dfe mit Blumen geschm\u00fcckt und zu wohlt\u00e4tigen Zwecken Margeriten verkauft. Die Wiesen-Margerite wird von Bienen, Fliegen, K\u00e4fern, Motten und Schmetterlingen best\u00e4ubt.<\/p>\n\n\n\n<p>Die Margerite ist wegen ihrer vielen kleinen Bl\u00fctenbl\u00e4tter (genauer: den vielen wei\u00dfen Zungenbl\u00fcten um einen honiggelben Bl\u00fctenkorb herum) ein Symbol f\u00fcr vergossene Tr\u00e4nen. Die Margerite symbolisiert das Gute, das reine Gl\u00fcck, die Gewissheit eines geliebten Menschen. Au\u00dferdem symbolisieren Margeriten als Trauerblumen Bescheidenheit, Dankbarkeit, Nat\u00fcrlichkeit und Reinheit. Sie eignen sich vorz\u00fcglich als Schnittblumen f\u00fcr eine Beerdigung (z.B. Blumenstrau\u00df, Gestecke).<\/p>\n","protected":false},"excerpt":{"rendered":"<p>Margeriten sind eine beliebte Zierpflanze, die sowohl als Garten- oder K\u00fcbelpflanzen, als auch als Schnittblumen verkauft wird. Seit Beginn des 20. Jahrhunderts bildeten Margeriten das Thema eines Blumentags. Blumentage waren Festlichkeiten, die einer bestimmten Blume und einem dazu passenden Anliegen gewidmet waren. So wurden am Margeritentag jede Stra\u00dfe mit Blumen geschm\u00fcckt und zu wohlt\u00e4tigen Zwecken [&hellip;]<\/p>\n","protected":false},"author":1,"featured_media":0,"parent":14,"menu_order":0,"comment_status":"closed","ping_status":"closed","template":"","meta":{"footnotes":""},"class_list":["post-248","page","type-page","status-publish","hentry"],"jetpack_sharing_enabled":true,"_links":{"self":[{"href":"https:\/\/www.wiprechtsgarten.de\/index.php\/wp-json\/wp\/v2\/pages\/248","targetHints":{"allow":["GET"]}}],"collection":[{"href":"https:\/\/www.wiprechtsgarten.de\/index.php\/wp-json\/wp\/v2\/pages"}],"about":[{"href":"https:\/\/www.wiprechtsgarten.de\/index.php\/wp-json\/wp\/v2\/types\/page"}],"author":[{"embeddable":true,"href":"https:\/\/www.wiprechtsgarten.de\/index.php\/wp-json\/wp\/v2\/users\/1"}],"replies":[{"embeddable":true,"href":"https:\/\/www.wiprechtsgarten.de\/index.php\/wp-json\/wp\/v2\/comments?post=248"}],"version-history":[{"count":1,"href":"https:\/\/www.wiprechtsgarten.de\/index.php\/wp-json\/wp\/v2\/pages\/248\/revisions"}],"predecessor-version":[{"id":250,"href":"https:\/\/www.wiprechtsgarten.de\/index.php\/wp-json\/wp\/v2\/pages\/248\/revisions\/250"}],"up":[{"embeddable":true,"href":"https:\/\/www.wiprechtsgarten.de\/index.php\/wp-json\/wp\/v2\/pages\/14"}],"wp:attachment":[{"href":"https:\/\/www.wiprechtsgarten.de\/index.php\/wp-json\/wp\/v2\/media?parent=248"}],"curies":[{"name":"wp","href":"https:\/\/api.w.org\/{rel}","templated":true}]}}