{"id":242,"date":"2023-05-23T13:07:28","date_gmt":"2023-05-23T13:07:28","guid":{"rendered":"https:\/\/www.wiprechtsgarten.de\/?page_id=242"},"modified":"2023-05-23T13:12:31","modified_gmt":"2023-05-23T13:12:31","slug":"akelei","status":"publish","type":"page","link":"https:\/\/www.wiprechtsgarten.de\/index.php\/pflanzenlisten\/zierpflanzen\/akelei\/","title":{"rendered":"Akelei"},"content":{"rendered":"\n<figure class=\"wp-block-image alignleft size-full is-resized\"><img loading=\"lazy\" decoding=\"async\" src=\"https:\/\/www.wiprechtsgarten.de\/wp-content\/uploads\/2023\/05\/Gemeiner_Aglei.jpg\" alt=\"\" class=\"wp-image-243\" width=\"311\" height=\"476\" srcset=\"https:\/\/www.wiprechtsgarten.de\/wp-content\/uploads\/2023\/05\/Gemeiner_Aglei.jpg 478w, https:\/\/www.wiprechtsgarten.de\/wp-content\/uploads\/2023\/05\/Gemeiner_Aglei-196x300.jpg 196w\" sizes=\"auto, (max-width: 311px) 100vw, 311px\" \/><figcaption class=\"wp-element-caption\">(<em>Akelei Aquilegia vulgaris<\/em>)<\/figcaption><\/figure>\n\n\n\n<p><br>Die Gemeine Akelei hat ihren Ursprung in den Gebieten des Mittelmeers und wurde schon vor Tausenden von Jahren angebaut. Aufgrund der ihr zugeschriebenen Symbolik ist sie au\u00dferdem auf zahlreichen mittelalterlichen Tafelgem\u00e4lden zu finden. Die Akelei war im Altertum der Fruchtbarkeitsg\u00f6ttin Freya geweiht, sp\u00e4ter wurde sie dann der Jungfrau Maria zugeordnet. Seit dem Mittelalter wurden die Samen als Aphrodisiakum verwendet &#8211; es hie\u00df sogar, dass deren aphrodisischen Kr\u00e4fte beim blo\u00dfem Ber\u00fchren \u00fcbertragen werden k\u00f6nnten.<\/p>\n\n\n\n<p>In Bezug auf ihre symbolische Bedeutung steht die Akelei f\u00fcr Demut einerseits und andererseits f\u00fcr Sexualkraft des Mannes sowie Verf\u00fchrung und Liebe. In mythologischer Hinsicht repr\u00e4sentierte sie Lebenskraft, \u00dcberwindung irdischer Begrenzung, um Erl\u00f6sung oder Triumph erlangen zu k\u00f6nnen; aber auch Dreifaltigkeit oder Lobpreis Gottes wurden dieser Pflanze zugeordnet. Au\u00dferdem findet man die Akeleipflanze oftmals als Grabpflanze am Friedhof vor \u2013 was nochmals untermauert, welche Wichtigkeit diesem Symbol innewohnt: Ein Zeichen von Hoffnung und Unsterblichkeit.<\/p>\n","protected":false},"excerpt":{"rendered":"<p>Die Gemeine Akelei hat ihren Ursprung in den Gebieten des Mittelmeers und wurde schon vor Tausenden von Jahren angebaut. Aufgrund der ihr zugeschriebenen Symbolik ist sie au\u00dferdem auf zahlreichen mittelalterlichen Tafelgem\u00e4lden zu finden. Die Akelei war im Altertum der Fruchtbarkeitsg\u00f6ttin Freya geweiht, sp\u00e4ter wurde sie dann der Jungfrau Maria zugeordnet. Seit dem Mittelalter wurden die [&hellip;]<\/p>\n","protected":false},"author":1,"featured_media":0,"parent":14,"menu_order":1,"comment_status":"closed","ping_status":"closed","template":"","meta":{"footnotes":""},"class_list":["post-242","page","type-page","status-publish","hentry"],"jetpack_sharing_enabled":true,"_links":{"self":[{"href":"https:\/\/www.wiprechtsgarten.de\/index.php\/wp-json\/wp\/v2\/pages\/242","targetHints":{"allow":["GET"]}}],"collection":[{"href":"https:\/\/www.wiprechtsgarten.de\/index.php\/wp-json\/wp\/v2\/pages"}],"about":[{"href":"https:\/\/www.wiprechtsgarten.de\/index.php\/wp-json\/wp\/v2\/types\/page"}],"author":[{"embeddable":true,"href":"https:\/\/www.wiprechtsgarten.de\/index.php\/wp-json\/wp\/v2\/users\/1"}],"replies":[{"embeddable":true,"href":"https:\/\/www.wiprechtsgarten.de\/index.php\/wp-json\/wp\/v2\/comments?post=242"}],"version-history":[{"count":2,"href":"https:\/\/www.wiprechtsgarten.de\/index.php\/wp-json\/wp\/v2\/pages\/242\/revisions"}],"predecessor-version":[{"id":246,"href":"https:\/\/www.wiprechtsgarten.de\/index.php\/wp-json\/wp\/v2\/pages\/242\/revisions\/246"}],"up":[{"embeddable":true,"href":"https:\/\/www.wiprechtsgarten.de\/index.php\/wp-json\/wp\/v2\/pages\/14"}],"wp:attachment":[{"href":"https:\/\/www.wiprechtsgarten.de\/index.php\/wp-json\/wp\/v2\/media?parent=242"}],"curies":[{"name":"wp","href":"https:\/\/api.w.org\/{rel}","templated":true}]}}