{"id":231,"date":"2023-05-15T08:49:45","date_gmt":"2023-05-15T08:49:45","guid":{"rendered":"https:\/\/www.wiprechtsgarten.de\/?page_id=231"},"modified":"2023-05-15T08:49:45","modified_gmt":"2023-05-15T08:49:45","slug":"oregano","status":"publish","type":"page","link":"https:\/\/www.wiprechtsgarten.de\/index.php\/pflanzenlisten\/heilpflanzen\/oregano\/","title":{"rendered":"Oregano"},"content":{"rendered":"\n<p>Oregano wird seit Jahrtausenden als K\u00fcchen- und Heilkraut verwendet. Es hat eine wohltuende Wirkung auf das Verdauungs- und Atmungssystem und wird auch zur F\u00f6rderung der Menstruation eingesetzt. Es sollte von schwangeren Frauen nicht medizinisch verwendet werden, obwohl es in kleinen Mengen f\u00fcr kulinarische Zwecke v\u00f6llig unbedenklich ist. Die Bl\u00e4tter und Bl\u00fctenstiele wirken stark antiseptisch, krampfl\u00f6send, verdauungsf\u00f6rdernd, stimulierend, magenst\u00e4rkend und leicht tonisierend.<\/p>\n\n\n\n<figure class=\"wp-block-image size-full\"><img loading=\"lazy\" decoding=\"async\" width=\"247\" height=\"400\" src=\"https:\/\/www.wiprechtsgarten.de\/wp-content\/uploads\/2023\/05\/16010009702_df3ce99472_w.jpg\" alt=\"Oregano sipyleum, Gartenflora [E. von Regel], Bd. 7: T. 236 (1858)\" class=\"wp-image-232\" srcset=\"https:\/\/www.wiprechtsgarten.de\/wp-content\/uploads\/2023\/05\/16010009702_df3ce99472_w.jpg 247w, https:\/\/www.wiprechtsgarten.de\/wp-content\/uploads\/2023\/05\/16010009702_df3ce99472_w-185x300.jpg 185w\" sizes=\"auto, (max-width: 247px) 100vw, 247px\" \/><\/figure>\n\n\n\n<p>Die Pflanze wird innerlich zur Behandlung von Erk\u00e4ltungen, Grippe, leichten fieberhaften Erkrankungen, Verdauungsst\u00f6rungen, Magenbeschwerden und schmerzhafter Menstruation eingenommen. Es wirkt stark beruhigend und sollte nicht in gro\u00dfen Dosen eingenommen werden, milde Tees haben jedoch eine beruhigende Wirkung und f\u00f6rdern einen erholsamen Schlaf. \u00c4u\u00dferlich wird Oregano zur Behandlung von Bronchitis, Asthma, Arthritis und Muskelschmerzen eingesetzt. Die Pflanze kann frisch oder getrocknet verwendet werden \u2013 ernten Sie die gesamte Pflanze (aber nicht die Wurzeln) im Sp\u00e4tsommer, um sie zu trocknen und f\u00fcr den Wintergebrauch aufzubewahren. In der \u00dcberlieferung finden wir folgende Geschichten:<\/p>\n\n\n\n<blockquote class=\"wp-block-quote is-layout-flow wp-block-quote-is-layout-flow\">\n<p><\/p>\n\n\n\n<p>Eine alte Hexe, so erz\u00e4hlen sich die Leute, hatte eine junge Pate, der wollte<br>sie ihre Kunst lehren und bestellte sie deshalb oft zu sich. Da aber auch der \u201aHans\u2019 (der Teufel) dabei sein sollte, bereitete die Alte das junge M\u00e4dchen auf dessen Besuch vor. Das aber war \u00e4ngstlich und teilte die Sache ihrer Mutter mit, und da die keinen Gefallen an dergleichen Treiben hatte, lie\u00df sie das M\u00e4dchen zwar zur bestellten Stunde zu ihrer Patin gehen, r\u00e4ucherte es aber vorher mit allerlei Kr\u00e4utern geh\u00f6rig aus und steckte ihm noch die Tasche voll rotem Dost. Als nun der Teufel mit dem Pferdefu\u00df \u00fcber die Schwelle eintrat, schn\u00fcffelte er gewaltig, blickte erbost das M\u00e4dchen an und sprach: \u201aRoter Dost,<br>h\u00e4tt\u2019 ich dich gewo\u00dft, h\u00e4tt\u2019 ich dich vernomme, W\u00e4r\u2019 ich net daher gekomme.\u2018<br>Und verschwand alsbald mit einem f\u00fcrchterlichen Schwefelgestank. Die Hexe aber wollte auch nichts mehr von ihrer Pate wissen. <\/p>\n\n\n\n<p>Oder eine andere Geschichte: Eine B\u00e4uerin erh\u00e4lt von einem Geistlichen<br>den Rat, wilden Dost und Schafgarbe unter die T\u00fcrschwelle zu legen, dann w\u00fcrde ihr der \u201awilde Mann\u2018 nicht schaden k\u00f6nnen. Abends kam wirklich der \u201awilde Mann\u2018. Er fuhr davon und rief: \u201aWilder Dost und Schafgarbe haben mich gebracht von meiner Braut.\u2018 <\/p>\n<\/blockquote>\n","protected":false},"excerpt":{"rendered":"<p>Oregano wird seit Jahrtausenden als K\u00fcchen- und Heilkraut verwendet. Es hat eine wohltuende Wirkung auf das Verdauungs- und Atmungssystem und wird auch zur F\u00f6rderung der Menstruation eingesetzt. Es sollte von schwangeren Frauen nicht medizinisch verwendet werden, obwohl es in kleinen Mengen f\u00fcr kulinarische Zwecke v\u00f6llig unbedenklich ist. Die Bl\u00e4tter und Bl\u00fctenstiele wirken stark antiseptisch, krampfl\u00f6send, [&hellip;]<\/p>\n","protected":false},"author":1,"featured_media":0,"parent":32,"menu_order":-1,"comment_status":"closed","ping_status":"closed","template":"","meta":{"footnotes":""},"class_list":["post-231","page","type-page","status-publish","hentry"],"jetpack_sharing_enabled":true,"_links":{"self":[{"href":"https:\/\/www.wiprechtsgarten.de\/index.php\/wp-json\/wp\/v2\/pages\/231","targetHints":{"allow":["GET"]}}],"collection":[{"href":"https:\/\/www.wiprechtsgarten.de\/index.php\/wp-json\/wp\/v2\/pages"}],"about":[{"href":"https:\/\/www.wiprechtsgarten.de\/index.php\/wp-json\/wp\/v2\/types\/page"}],"author":[{"embeddable":true,"href":"https:\/\/www.wiprechtsgarten.de\/index.php\/wp-json\/wp\/v2\/users\/1"}],"replies":[{"embeddable":true,"href":"https:\/\/www.wiprechtsgarten.de\/index.php\/wp-json\/wp\/v2\/comments?post=231"}],"version-history":[{"count":1,"href":"https:\/\/www.wiprechtsgarten.de\/index.php\/wp-json\/wp\/v2\/pages\/231\/revisions"}],"predecessor-version":[{"id":233,"href":"https:\/\/www.wiprechtsgarten.de\/index.php\/wp-json\/wp\/v2\/pages\/231\/revisions\/233"}],"up":[{"embeddable":true,"href":"https:\/\/www.wiprechtsgarten.de\/index.php\/wp-json\/wp\/v2\/pages\/32"}],"wp:attachment":[{"href":"https:\/\/www.wiprechtsgarten.de\/index.php\/wp-json\/wp\/v2\/media?parent=231"}],"curies":[{"name":"wp","href":"https:\/\/api.w.org\/{rel}","templated":true}]}}