{"id":2,"date":"2023-01-27T08:44:48","date_gmt":"2023-01-27T08:44:48","guid":{"rendered":"https:\/\/www.wiprechtsgarten.de\/?page_id=2"},"modified":"2023-02-02T09:57:34","modified_gmt":"2023-02-02T09:57:34","slug":"ueber_uns","status":"publish","type":"page","link":"https:\/\/www.wiprechtsgarten.de\/index.php\/ueber_uns\/","title":{"rendered":"\u00dcber uns"},"content":{"rendered":"<div class=\"is-layout-constrained entry-content wp-block-post-content\">\n<p>Wiprecht von Groitzsch starb im Jahr 1124, vor bald 900 Jahren. Er erweiterte eine bestehende Burg und gr\u00fcndete ein Kloster.<\/p>\n<p>Heute finden sich in Groitzsch und dar\u00fcber hinaus viele Leute, die sich f\u00fcr Garten-, Wein- und Feldbau im 12. und 13. Jahrhundert interessieren.<\/p>\n<p>Die Welt der mittelalterliche G\u00e4rten m\u00f6chte auch erst einmal erschlossen werden. Welche Pflanzen gab es im Garten, was sammelte man in der Aue und was brachte man aufs Feld?<\/p>\n<p>Diesem Thema widmen sich in den n\u00e4chsten Jahren der Naturfreunde und Heimatverein Groitzsch e.V., die Weinfreunde des B\u00fcrgervereins Stadtm\u00fchle Groitzsch e.V., der NABU, die NABU-Regionalgruppe S\u00fcdraum Leipzig und die\u00a0 Fabelwerkstatt. Wir laden sie zum Mitmachen ein.<\/p>\n<h2>Linkliste<\/h2>\n<p><a href=\"https:\/\/www.google.com\/url?sa=t&amp;rct=j&amp;q=&amp;esrc=s&amp;source=web&amp;cd=&amp;cad=rja&amp;uact=8&amp;ved=2ahUKEwiXvsaA0vn7AhWhPOwKHSceCYEQFnoECBAQAQ&amp;url=https%3A%2F%2Fwww.nhv-groitzsch.de%2F&amp;usg=AOvVaw1p7_2ZhtjNV4DzBFKUViMq\" target=\"_blank\" rel=\"noopener\">Naturfreunde- und Heimatverein Groitzsch eV.<\/a><\/p>\n<p><a href=\"https:\/\/www.groitzsch-buergerverein.de\/hobbywinzer\/\" target=\"_blank\" rel=\"noopener\">Die Weinfreunde des B\u00fcrgervereins Stadtm\u00fchle Groitzsch e.V.<\/a><\/p>\n<p><a href=\"https:\/\/naturschutzzentrum-groitzsch.nabu-sachsen.de\/\" target=\"_blank\" rel=\"noopener\">Die NABU-Regionalgruppe S\u00fcdraum Leipzig<\/a><\/p>\n<p class=\"has-background-color has-text-color\"><a href=\"https:\/\/fabelwerkstatt.com\/\" target=\"_blank\" rel=\"noopener\">Die Fabelwerkstatt<\/a><\/p>\n<\/div>\n<div class=\"is-layout-constrained wp-block-group\"><\/div>\n<footer class=\"wp-block-template-part\">\n<div class=\"is-layout-constrained wp-block-group\">\n<div class=\"is-layout-constrained wp-block-group alignfull\">\n<div class=\"is-content-justification-space-between is-layout-flex wp-container-6 wp-block-group alignwide\">\n<p class=\"wp-block-site-title\">\n<\/div>\n<\/div>\n<\/div>\n<\/footer>\n","protected":false},"excerpt":{"rendered":"<p>Wiprecht von Groitzsch starb im Jahr 1124, vor bald 900 Jahren. Er erweiterte eine bestehende Burg und gr\u00fcndete ein Kloster. Heute finden sich in Groitzsch und dar\u00fcber hinaus viele Leute, die sich f\u00fcr Garten-, Wein- und Feldbau im 12. und 13. Jahrhundert interessieren. Die Welt der mittelalterliche G\u00e4rten m\u00f6chte auch erst einmal erschlossen werden. Welche [&hellip;]<\/p>\n","protected":false},"author":1,"featured_media":9,"parent":0,"menu_order":0,"comment_status":"closed","ping_status":"open","template":"","meta":{"footnotes":""},"class_list":["post-2","page","type-page","status-publish","has-post-thumbnail","hentry"],"jetpack_sharing_enabled":true,"_links":{"self":[{"href":"https:\/\/www.wiprechtsgarten.de\/index.php\/wp-json\/wp\/v2\/pages\/2","targetHints":{"allow":["GET"]}}],"collection":[{"href":"https:\/\/www.wiprechtsgarten.de\/index.php\/wp-json\/wp\/v2\/pages"}],"about":[{"href":"https:\/\/www.wiprechtsgarten.de\/index.php\/wp-json\/wp\/v2\/types\/page"}],"author":[{"embeddable":true,"href":"https:\/\/www.wiprechtsgarten.de\/index.php\/wp-json\/wp\/v2\/users\/1"}],"replies":[{"embeddable":true,"href":"https:\/\/www.wiprechtsgarten.de\/index.php\/wp-json\/wp\/v2\/comments?post=2"}],"version-history":[{"count":4,"href":"https:\/\/www.wiprechtsgarten.de\/index.php\/wp-json\/wp\/v2\/pages\/2\/revisions"}],"predecessor-version":[{"id":99,"href":"https:\/\/www.wiprechtsgarten.de\/index.php\/wp-json\/wp\/v2\/pages\/2\/revisions\/99"}],"wp:featuredmedia":[{"embeddable":true,"href":"https:\/\/www.wiprechtsgarten.de\/index.php\/wp-json\/wp\/v2\/media\/9"}],"wp:attachment":[{"href":"https:\/\/www.wiprechtsgarten.de\/index.php\/wp-json\/wp\/v2\/media?parent=2"}],"curies":[{"name":"wp","href":"https:\/\/api.w.org\/{rel}","templated":true}]}}