{"id":14,"date":"2023-01-27T13:52:00","date_gmt":"2023-01-27T13:52:00","guid":{"rendered":"https:\/\/www.wiprechtsgarten.de\/?page_id=14"},"modified":"2023-10-06T08:51:15","modified_gmt":"2023-10-06T08:51:15","slug":"zierpflanzen","status":"publish","type":"page","link":"https:\/\/www.wiprechtsgarten.de\/index.php\/pflanzenlisten\/zierpflanzen\/","title":{"rendered":"Zierpflanzen"},"content":{"rendered":"\n<figure class=\"wp-block-table\"><table><tbody><tr><td><strong>Deutscher Name<\/strong><\/td><td><strong>Lateinischer Name<\/strong><\/td><td><strong>Herkunftsort<\/strong><\/td><td><strong>Nachweis seit<\/strong><\/td><\/tr><tr><td><a href=\"https:\/\/www.wiprechtsgarten.de\/index.php\/akelei\/\" data-type=\"URL\" data-id=\"https:\/\/www.wiprechtsgarten.de\/index.php\/akelei\/\">Akelei<\/a><\/td><td>Aquilegia vulgaris<\/td><td>Eurasien<\/td><td>12. Jh.<\/td><\/tr><tr><td><a href=\"https:\/\/www.wiprechtsgarten.de\/index.php\/pflanzenlisten\/zierpflanzen\/christrose\/\">Christrose<\/a><\/td><td>Helleborus niger<\/td><td>Europa<\/td><td>12. Jh.<\/td><\/tr><tr><td><a href=\"https:\/\/www.wiprechtsgarten.de\/index.php\/pflanzenlisten\/zierpflanzen\/dachwurz\/\" data-type=\"page\" data-id=\"275\">Dachwurz<\/a><\/td><td>Sempervivum tectorum<\/td><td>Europa<\/td><td>9. Jh. (R)<\/td><\/tr><tr><td><a href=\"https:\/\/www.wiprechtsgarten.de\/index.php\/eisenhut\/\" data-type=\"link\" data-id=\"https:\/\/www.wiprechtsgarten.de\/index.php\/eisenhut\/\">Eisenhut<\/a><\/td><td>Aconitum napellus<\/td><td>Europa<\/td><td>13. Jh.<\/td><\/tr><tr><td><a href=\"https:\/\/www.wiprechtsgarten.de\/index.php\/pflanzenlisten\/zierpflanzen\/goldlack\/\" data-type=\"link\" data-id=\"https:\/\/www.wiprechtsgarten.de\/index.php\/pflanzenlisten\/zierpflanzen\/goldlack\/\">Goldlack<\/a><\/td><td>Cheiranthus cheiri<\/td><td>\u00f6stl. Mittelmeergebiet<\/td><td>13. Jh.<\/td><\/tr><tr><td><a href=\"https:\/\/www.wiprechtsgarten.de\/index.php\/immergruen\/\" data-type=\"link\" data-id=\"https:\/\/www.wiprechtsgarten.de\/index.php\/immergruen\/\">Immergr\u00fcn<\/a><\/td><td>Vinca minor<\/td><td>Europa<\/td><td>15. Jh.<\/td><\/tr><tr><td><a href=\"https:\/\/www.wiprechtsgarten.de\/index.php\/pflanzenlisten\/zierpflanzen\/levkojen\/\" data-type=\"link\" data-id=\"https:\/\/www.wiprechtsgarten.de\/index.php\/pflanzenlisten\/zierpflanzen\/levkojen\/\">Levkoje<\/a><\/td><td>Matthiola incana<\/td><td>Mittelmeergebiet<\/td><td>15. J h.<\/td><\/tr><tr><td><a href=\"https:\/\/www.wiprechtsgarten.de\/index.php\/pflanzenlisten\/zierpflanzen\/loewenmaeulchen\/\" data-type=\"link\" data-id=\"https:\/\/www.wiprechtsgarten.de\/index.php\/pflanzenlisten\/zierpflanzen\/loewenmaeulchen\/\">L\u00f6wenm\u00e4ulchen<\/a><\/td><td>Antirrhinum majus<\/td><td>Mittelmeergebiet<\/td><td>15. Jh.<\/td><\/tr><tr><td><a href=\"https:\/\/www.wiprechtsgarten.de\/index.php\/maigloeckchen\/\" data-type=\"link\" data-id=\"https:\/\/www.wiprechtsgarten.de\/index.php\/maigloeckchen\/\">Maigl\u00f6ckchen<\/a><\/td><td>Convallaria majalis<\/td><td>Europa<\/td><td>15. Jh.<\/td><\/tr><tr><td><a href=\"https:\/\/www.wiprechtsgarten.de\/index.php\/margerite\/\">Margerite<\/a><\/td><td>Chrysanthemum leucanthemum<\/td><td>Eurasien<\/td><td>15. Jh.<\/td><\/tr><tr><td><a href=\"https:\/\/www.wiprechtsgarten.de\/index.php\/pflanzenlisten\/zierpflanzen\/lilie\/\">Marien-Lilie<\/a><\/td><td>Lilium candidum<\/td><td>\u00f6stl. Mittelmeergebiet<\/td><td>9. Jh. (R)<\/td><\/tr><tr><td><a href=\"https:\/\/www.wiprechtsgarten.de\/index.php\/pflanzenlisten\/zierpflanzen\/maerzenbecher\/\" data-type=\"link\" data-id=\"https:\/\/www.wiprechtsgarten.de\/index.php\/pflanzenlisten\/zierpflanzen\/maerzenbecher\/\">M\u00e4rzenbecher<\/a><\/td><td>Leucojum vernum<\/td><td>Eurasien<\/td><td>15. Jh.<\/td><\/tr><tr><td><a href=\"https:\/\/www.wiprechtsgarten.de\/index.php\/pflanzenlisten\/zierpflanzen\/gaensebluemchen\/\" data-type=\"link\" data-id=\"https:\/\/www.wiprechtsgarten.de\/index.php\/pflanzenlisten\/zierpflanzen\/gaensebluemchen\/\">Ma\u00dfliebchen<\/a><\/td><td>Bellis perennis<\/td><td>Eurasien<\/td><td>15. Jh.<\/td><\/tr><tr><td><a href=\"https:\/\/www.wiprechtsgarten.de\/index.php\/pflanzenlisten\/zierpflanzen\/nachtviole\/\" data-type=\"link\" data-id=\"https:\/\/www.wiprechtsgarten.de\/index.php\/pflanzenlisten\/zierpflanzen\/nachtviole\/\">Nachtviole<\/a><\/td><td>Hesperis matronalis<\/td><td>Eurasien<\/td><td>14. Jh.<\/td><\/tr><tr><td><a href=\"https:\/\/www.wiprechtsgarten.de\/index.php\/pflanzenlisten\/zierpflanzen\/osterglocken\/\" data-type=\"link\" data-id=\"https:\/\/www.wiprechtsgarten.de\/index.php\/pflanzenlisten\/zierpflanzen\/osterglocken\/\">Osterglocke<\/a><\/td><td>Narcissus pseudonarcissus<\/td><td>Europa<\/td><td>13. Jh.<\/td><\/tr><tr><td><a href=\"https:\/\/www.wiprechtsgarten.de\/index.php\/pflanzenlisten\/zierpflanzen\/pfingstrosen\/\" data-type=\"page\" data-id=\"862\">Pfingstrose<\/a><\/td><td>Paeonia officinalis<\/td><td>S\u00fcdeuropa<\/td><td>12. Jh.<\/td><\/tr><tr><td><a href=\"https:\/\/www.wiprechtsgarten.de\/index.php\/pflanzenlisten\/zierpflanzen\/die-rose-rosa\/\" data-type=\"link\" data-id=\"https:\/\/www.wiprechtsgarten.de\/index.php\/pflanzenlisten\/zierpflanzen\/die-rose-rosa\/\">Rote Rose (Apotheker-Rose)<\/a><\/td><td>Rosa gallica<\/td><td>Mittelmeergebiet<\/td><td>9. Jh. (R)<\/td><\/tr><tr><td><a href=\"https:\/\/www.wiprechtsgarten.de\/index.php\/pflanzenlisten\/zierpflanzen\/die-rose-rosa\/\" data-type=\"link\" data-id=\"https:\/\/www.wiprechtsgarten.de\/index.php\/pflanzenlisten\/zierpflanzen\/die-rose-rosa\/\">Wei\u00dfe Rose <\/a>Mittelmeergebiet<\/td><td>Rosa alba<\/td><td>Mittelmeergebiet<\/td><td>9. Jh.<\/td><\/tr><tr><td><a href=\"https:\/\/www.wiprechtsgarten.de\/index.php\/pflanzenlisten\/zierpflanzen\/rote-lilie\/\" data-type=\"link\" data-id=\"https:\/\/www.wiprechtsgarten.de\/index.php\/pflanzenlisten\/zierpflanzen\/rote-lilie\/\">Rote Lilie<\/a><\/td><td>Lilium bulbiferum<\/td><td>S\u00fcdeuropa<\/td><td>15.Jh.<\/td><\/tr><tr><td>Hohe Schl\u00fcsselblume<\/td><td>Primula elatior<\/td><td>Europa<\/td><td>15. Jh.<\/td><\/tr><tr><td>Arznei-Schl\u00fcsselblume<\/td><td>Primula officinalis<\/td><td>Europa<\/td><td>10. Jh.<\/td><\/tr><tr><td>Stengellose Schl\u00fcsselblume<\/td><td>Primula vulgaris<\/td><td>Europa<\/td><td>12.Jh.<\/td><\/tr><tr><td>Schwertlilie<\/td><td>Iris germanica<\/td><td>\u00f6stl. Mittelmeergebiet<\/td><td>9. Jh. (R)<\/td><\/tr><tr><td><a href=\"https:\/\/www.wiprechtsgarten.de\/index.php\/pflanzenlisten\/zierpflanzen\/die-stockrose\/\" data-type=\"link\" data-id=\"https:\/\/www.wiprechtsgarten.de\/index.php\/pflanzenlisten\/zierpflanzen\/die-stockrose\/\">Stockrose, Malve<\/a><\/td><td>Alcea rosea<\/td><td>\u00f6stl. Mittelmeergebiet<\/td><td>15. Jh.<\/td><\/tr><tr><td>Veilchen<\/td><td>Viola odorata<\/td><td>Europa<\/td><td>9. Jh.<\/td><\/tr><tr><td>Vergi\u00dfmeinnicht<\/td><td>Myosotis sylvatica<\/td><td>Europa<\/td><td>15. Jh.<\/td><\/tr><\/tbody><\/table><\/figure>\n\n\n\n<p>(R): bereits aus der R\u00f6merzeit belegt<\/p>\n\n\n\n<p>nach Willerding, Ulrich. <i>G\u00e4rten und Pflanzen des Mittelalters<\/i>. In: Maureen Carrol-Spillecke (Hg.), Der Garten von der Antike bis zum Mittelalter. Mainz 1992. S. 249 \u2013 284.<\/p>\n","protected":false},"excerpt":{"rendered":"<p>Deutscher Name Lateinischer Name Herkunftsort Nachweis seit Akelei Aquilegia vulgaris Eurasien 12. Jh. Christrose Helleborus niger Europa 12. Jh. Dachwurz Sempervivum tectorum Europa 9. Jh. (R) Eisenhut Aconitum napellus Europa 13. Jh. Goldlack Cheiranthus cheiri \u00f6stl. Mittelmeergebiet 13. Jh. Immergr\u00fcn Vinca minor Europa 15. Jh. Levkoje Matthiola incana Mittelmeergebiet 15. J h. L\u00f6wenm\u00e4ulchen Antirrhinum majus [&hellip;]<\/p>\n","protected":false},"author":1,"featured_media":0,"parent":12,"menu_order":0,"comment_status":"closed","ping_status":"closed","template":"","meta":{"footnotes":""},"class_list":["post-14","page","type-page","status-publish","hentry"],"jetpack_sharing_enabled":true,"_links":{"self":[{"href":"https:\/\/www.wiprechtsgarten.de\/index.php\/wp-json\/wp\/v2\/pages\/14","targetHints":{"allow":["GET"]}}],"collection":[{"href":"https:\/\/www.wiprechtsgarten.de\/index.php\/wp-json\/wp\/v2\/pages"}],"about":[{"href":"https:\/\/www.wiprechtsgarten.de\/index.php\/wp-json\/wp\/v2\/types\/page"}],"author":[{"embeddable":true,"href":"https:\/\/www.wiprechtsgarten.de\/index.php\/wp-json\/wp\/v2\/users\/1"}],"replies":[{"embeddable":true,"href":"https:\/\/www.wiprechtsgarten.de\/index.php\/wp-json\/wp\/v2\/comments?post=14"}],"version-history":[{"count":20,"href":"https:\/\/www.wiprechtsgarten.de\/index.php\/wp-json\/wp\/v2\/pages\/14\/revisions"}],"predecessor-version":[{"id":901,"href":"https:\/\/www.wiprechtsgarten.de\/index.php\/wp-json\/wp\/v2\/pages\/14\/revisions\/901"}],"up":[{"embeddable":true,"href":"https:\/\/www.wiprechtsgarten.de\/index.php\/wp-json\/wp\/v2\/pages\/12"}],"wp:attachment":[{"href":"https:\/\/www.wiprechtsgarten.de\/index.php\/wp-json\/wp\/v2\/media?parent=14"}],"curies":[{"name":"wp","href":"https:\/\/api.w.org\/{rel}","templated":true}]}}